{"id":37914,"date":"2024-05-22T10:30:19","date_gmt":"2024-05-22T10:30:19","guid":{"rendered":"https:\/\/egm4210.live-website.com\/la-imatge-i-el-color"},"modified":"2025-01-25T18:14:20","modified_gmt":"2025-01-25T18:14:20","slug":"la-imatge-i-el-color","status":"publish","type":"page","link":"http:\/\/egm.es\/ca\/la-imatge-i-el-color","title":{"rendered":"La imatge i el color"},"content":{"rendered":"\n\t<div id=\"gap-1245876770\" class=\"gap-element clearfix\" style=\"display:block; height:auto;\">\n\t\t\n<style>\n#gap-1245876770 {\n  padding-top: 30px;\n}\n<\/style>\n\t<\/div>\n\t\n\n<h1 style=\"text-align: center;\"><strong>LA IMATGE I EL COLOR<\/strong><\/h1>\n\t<div id=\"text-1394581853\" class=\"text\">\n\t\t\n\n<p>La perfecci\u00f3 de la captura, la definici\u00f3 de les textures i la fidelitat a la reproducci\u00f3 del color.<\/p>\n\t\t\n<style>\n#text-1394581853 {\n  text-align: center;\n}\n<\/style>\n\t<\/div>\n\t\n\t<div id=\"gap-893516537\" class=\"gap-element clearfix\" style=\"display:block; height:auto;\">\n\t\t\n<style>\n#gap-893516537 {\n  padding-top: 30px;\n}\n<\/style>\n\t<\/div>\n\t\n\n<div class=\"row\"  id=\"row-13969855\">\n\n\n\t<div id=\"col-1476679900\" class=\"col medium-4 small-12 large-4\"  >\n\t\t\t\t<div class=\"col-inner\"  >\n\t\t\t\n\t\t\t\n\n\n  <div class=\"banner has-hover bg-overlay-add bg-zoom\" id=\"banner-502319463\">\n          <div class=\"banner-inner fill\">\n        <div class=\"banner-bg fill\" >\n            <div class=\"bg fill bg-fill \"><\/div>\n                        <div class=\"overlay\"><\/div>            \n                    <\/div>\n\t\t\n        <div class=\"banner-layers container\">\n            <a class=\"fill\" href=\"#digitalizacion\" ><div class=\"fill banner-link\"><\/div><\/a>            \n\n   <div id=\"text-box-495744777\" class=\"text-box banner-layer x50 md-x50 lg-x50 y85 md-y85 lg-y85 res-text\">\n       <div class=\"hover-slide\">                         <div class=\"text-box-content text dark\">\n              \n              <div class=\"text-inner text-center\">\n                  \n\n\t<div id=\"text-3648260146\" class=\"text\">\n\t\t\n\n<p><a href=\"#digitalizacion\"><\/p>\n<h3 class=\"uppercase\" style=\"text-align: left;\"><strong>DIGITALITZACI\u00d3<\/strong><\/h3>\n<h4 style=\"text-align: left;\">Conserva i protegeix els originals<\/h4>\n<p><\/a><\/p>\n\t\t\n<style>\n#text-3648260146 {\n  text-align: left;\n}\n<\/style>\n\t<\/div>\n\t\n\n              <\/div>\n           <\/div>\n                     <\/div>       \n<style>\n#text-box-495744777 {\n  width: 88%;\n}\n#text-box-495744777 .text-box-content {\n  font-size: 100%;\n}\n<\/style>\n    <\/div>\n \n   <div id=\"text-box-9170592\" class=\"text-box banner-layer x50 md-x50 lg-x50 y90 md-y90 lg-y90 res-text\">\n       <div class=\"hover-fade-out\">                         <div class=\"text-box-content text dark\">\n              \n              <div class=\"text-inner text-center\">\n                  \n\n<h3 class=\"uppercase\" style=\"text-align: left;\"><strong>DIGITALITZACI\u00d3<\/strong><\/h3>\n\n              <\/div>\n           <\/div>\n                     <\/div>       \n<style>\n#text-box-9170592 {\n  width: 88%;\n}\n#text-box-9170592 .text-box-content {\n  font-size: 100%;\n}\n<\/style>\n    <\/div>\n \n\n        <\/div>\n      <\/div>\n\n            \n<style>\n#banner-502319463 {\n  padding-top: 99.99%;\n}\n#banner-502319463 .bg.bg-loaded {\n  background-image: url(http:\/\/egm.es\/wp-content\/uploads\/2021\/06\/DIGITALIZACION.jpg);\n}\n#banner-502319463 .overlay {\n  background-color: rgba(229, 6, 23, 0.785);\n}\n#banner-502319463 .bg {\n  background-position: 52% 74%;\n}\n<\/style>\n  <\/div>\n\n\n\n\t\t<\/div>\n\t\t\t\t\t<\/div>\n\n\t\n\n\t<div id=\"col-2009748577\" class=\"col medium-4 small-12 large-4\"  >\n\t\t\t\t<div class=\"col-inner\"  >\n\t\t\t\n\t\t\t\n\n\n  <div class=\"banner has-hover bg-overlay-add bg-zoom\" id=\"banner-1831058536\">\n          <div class=\"banner-inner fill\">\n        <div class=\"banner-bg fill\" >\n            <div class=\"bg fill bg-fill \"><\/div>\n                        <div class=\"overlay\"><\/div>            \n                    <\/div>\n\t\t\n        <div class=\"banner-layers container\">\n            <a class=\"fill\" href=\"#gestion-del-color\" ><div class=\"fill banner-link\"><\/div><\/a>            \n\n   <div id=\"text-box-1430036349\" class=\"text-box banner-layer x50 md-x50 lg-x50 y85 md-y85 lg-y85 res-text\">\n       <div class=\"hover-slide\">                         <div class=\"text-box-content text dark\">\n              \n              <div class=\"text-inner text-center\">\n                  \n\n\t<div id=\"text-788693263\" class=\"text\">\n\t\t\n\n<p><a href=\"#gestion-del-color\"><\/p>\n<h3 class=\"uppercase\" style=\"text-align: left;\"><strong>GESTI\u00d3 DEL COLOR<\/strong><\/h3>\n<h4 style=\"text-align: left;\">La fidelidat en la reproducci\u00f3 del color<\/h4>\n<p><\/a><\/p>\n\t\t\n<style>\n#text-788693263 {\n  text-align: left;\n}\n<\/style>\n\t<\/div>\n\t\n\n              <\/div>\n           <\/div>\n                     <\/div>       \n<style>\n#text-box-1430036349 {\n  width: 88%;\n}\n#text-box-1430036349 .text-box-content {\n  font-size: 100%;\n}\n<\/style>\n    <\/div>\n \n   <div id=\"text-box-609172581\" class=\"text-box banner-layer x50 md-x50 lg-x50 y90 md-y90 lg-y90 res-text\">\n       <div class=\"hover-fade-out\">                         <div class=\"text-box-content text dark\">\n              \n              <div class=\"text-inner text-center\">\n                  \n\n<h3 class=\"uppercase\" style=\"text-align: left;\"><strong>GESTI\u00d3 DEL COLOR<\/strong><\/h3>\n\n              <\/div>\n           <\/div>\n                     <\/div>       \n<style>\n#text-box-609172581 {\n  width: 88%;\n}\n#text-box-609172581 .text-box-content {\n  font-size: 100%;\n}\n<\/style>\n    <\/div>\n \n\n        <\/div>\n      <\/div>\n\n            \n<style>\n#banner-1831058536 {\n  padding-top: 99.99%;\n}\n#banner-1831058536 .bg.bg-loaded {\n  background-image: url(http:\/\/egm.es\/wp-content\/uploads\/2021\/06\/GESTION-DEL-COLOR.jpg);\n}\n#banner-1831058536 .overlay {\n  background-color: rgba(229, 6, 23, 0.785);\n}\n<\/style>\n  <\/div>\n\n\n\n\t\t<\/div>\n\t\t\t\t\t<\/div>\n\n\t\n\n\t<div id=\"col-634737595\" class=\"col medium-4 small-12 large-4\"  >\n\t\t\t\t<div class=\"col-inner\"  >\n\t\t\t\n\t\t\t\n\n\n  <div class=\"banner has-hover bg-overlay-add bg-zoom\" id=\"banner-257396964\">\n          <div class=\"banner-inner fill\">\n        <div class=\"banner-bg fill\" >\n            <div class=\"bg fill bg-fill \"><\/div>\n                        <div class=\"overlay\"><\/div>            \n                    <\/div>\n\t\t\n        <div class=\"banner-layers container\">\n            <a class=\"fill\" href=\"#retoque-de-la-imagen\" ><div class=\"fill banner-link\"><\/div><\/a>            \n\n   <div id=\"text-box-1875937282\" class=\"text-box banner-layer x50 md-x50 lg-x50 y85 md-y85 lg-y85 res-text\">\n       <div class=\"hover-slide\">                         <div class=\"text-box-content text dark\">\n              \n              <div class=\"text-inner text-center\">\n                  \n\n\t<div id=\"text-2820625485\" class=\"text\">\n\t\t\n\n<p><a href=\"#retoque-de-la-imagen\"><\/p>\n<h3 class=\"uppercase\" style=\"text-align: left;\"><strong>RETOC DE LA IMATGE<\/strong><\/h3>\n<h4 style=\"text-align: left;\">Postproducci\u00f3 digital d&#8217;imatges<\/h4>\n<p><\/a><\/p>\n\t\t\n<style>\n#text-2820625485 {\n  text-align: left;\n}\n<\/style>\n\t<\/div>\n\t\n\n              <\/div>\n           <\/div>\n                     <\/div>       \n<style>\n#text-box-1875937282 {\n  width: 88%;\n}\n#text-box-1875937282 .text-box-content {\n  font-size: 100%;\n}\n<\/style>\n    <\/div>\n \n   <div id=\"text-box-1649431024\" class=\"text-box banner-layer x50 md-x50 lg-x50 y90 md-y90 lg-y90 res-text\">\n       <div class=\"hover-fade-out\">                         <div class=\"text-box-content text dark\">\n              \n              <div class=\"text-inner text-center\">\n                  \n\n<h3 class=\"uppercase\" style=\"text-align: left;\"><strong>RETOC DE LA IMATGE<\/strong><\/h3>\n\n              <\/div>\n           <\/div>\n                     <\/div>       \n<style>\n#text-box-1649431024 {\n  width: 88%;\n}\n#text-box-1649431024 .text-box-content {\n  font-size: 100%;\n}\n<\/style>\n    <\/div>\n \n\n        <\/div>\n      <\/div>\n\n            \n<style>\n#banner-257396964 {\n  padding-top: 99.99%;\n}\n#banner-257396964 .bg.bg-loaded {\n  background-image: url(http:\/\/egm.es\/wp-content\/uploads\/2024\/06\/Grafico_pegado-7.5.jpg);\n}\n#banner-257396964 .overlay {\n  background-color: rgba(229, 6, 23, 0.785);\n}\n<\/style>\n  <\/div>\n\n\n\n\t\t<\/div>\n\t\t\t\t\t<\/div>\n\n\t\n\n<\/div>\n\t<div id=\"gap-301428619\" class=\"gap-element clearfix\" style=\"display:block; height:auto;\">\n\t\t\n<style>\n#gap-301428619 {\n  padding-top: 30px;\n}\n<\/style>\n\t<\/div>\n\t\n\n<span class=\"scroll-to\" data-label=\"Scroll to: #digitalizaci\u00f3\" data-bullet=\"false\" data-link=\"#digitalizaci\u00f3\" data-title=\"digitalizaci\u00f3\" ><a name=\"digitalizaci\u00f3\"><\/a><\/span>\n\n\t<div id=\"gap-1562857970\" class=\"gap-element clearfix\" style=\"display:block; height:auto;\">\n\t\t\n<style>\n#gap-1562857970 {\n  padding-top: 30px;\n}\n<\/style>\n\t<\/div>\n\t\n\n<div class=\"row\"  id=\"row-1390467496\">\n\n\n\t<div id=\"col-593180975\" class=\"col medium-4 small-12 large-4\"  data-animate=\"fadeInRight\">\n\t\t\t\t<div class=\"col-inner text-center\"  >\n\t\t\t\n\t\t\t\n\n\t<div id=\"text-2673725257\" class=\"text\">\n\t\t\n\n<h2><strong>Digitalizaci\u00f3<\/strong><\/h2>\n<p>Els sistemes d&#8217;escanejat de gran format d&#8217;\u00faltima generaci\u00f3 ens permeten reproduir una \u00e0mplia gamma d&#8217;objectes i textures (fusta, pisa, aquarel\u00b7la, olis, paper, tapissos, etc.) cobrint aix\u00ed totes les necessitats de diferents sectors: decoraci\u00f3, fons de art, arxius, biblioteques, museus, universitats, etc.<\/p>\n<p>El nostre servei d&#8217;escaneig d&#8217;originals permet la digitalitzaci\u00f3 de qualsevol imatge en paper, plaques de vidre, negatius, diapositives, rodets i rotlles de pel\u00b7l\u00edcula per assegurar-ne la conservaci\u00f3.<\/p>\n\t\t\n<style>\n#text-2673725257 {\n  text-align: left;\n}\n<\/style>\n\t<\/div>\n\t\n\n\t\t<\/div>\n\t\t\t\t\t<\/div>\n\n\t\n\n\t<div id=\"col-679271270\" class=\"col medium-8 small-12 large-8\"  data-animate=\"fadeInLeft\">\n\t\t\t\t<div class=\"col-inner\"  >\n\t\t\t\n\t\t\t\n\n\t<div class=\"img has-hover x md-x lg-x y md-y lg-y\" id=\"image_1139325726\">\n\t\t\t\t\t\t\t\t<div class=\"img-inner box-shadow-3 dark\" >\n\t\t\t<img loading=\"lazy\" decoding=\"async\" width=\"1020\" height=\"524\" src=\"http:\/\/egm.es\/wp-content\/uploads\/2021\/06\/ESCANER-2.2.jpg\" class=\"attachment-large size-large\" alt=\"\" \/>\t\t\t\t\t\t\n\t\t\t\t\t<\/div>\n\t\t\t\t\t\t\t\t\n<style>\n#image_1139325726 {\n  width: 100%;\n}\n<\/style>\n\t<\/div>\n\t\n\n\n\t\t<\/div>\n\t\t\t\t\t<\/div>\n\n\t\n\n<\/div>\n<span class=\"scroll-to\" data-label=\"Scroll to: #gestion-del-color\" data-bullet=\"false\" data-link=\"#gestion-del-color\" data-title=\"gestion-del-color\" ><a name=\"gestion-del-color\"><\/a><\/span>\n\n\t<div id=\"gap-803477055\" class=\"gap-element clearfix\" style=\"display:block; height:auto;\">\n\t\t\n<style>\n#gap-803477055 {\n  padding-top: 70px;\n}\n<\/style>\n\t<\/div>\n\t\n\n<div class=\"row\"  id=\"row-972042337\">\n\n\n\t<div id=\"col-411797528\" class=\"col medium-8 small-12 large-8\"  data-animate=\"fadeInRight\">\n\t\t\t\t<div class=\"col-inner\"  >\n\t\t\t\n\t\t\t\n\n\t<div class=\"img has-hover x md-x lg-x y md-y lg-y\" id=\"image_927437678\">\n\t\t\t\t\t\t\t\t<div class=\"img-inner box-shadow-3 dark\" >\n\t\t\t<img loading=\"lazy\" decoding=\"async\" width=\"1020\" height=\"523\" src=\"http:\/\/egm.es\/wp-content\/uploads\/2021\/06\/Gra\u0301fico_pegado-8.jpg\" class=\"attachment-large size-large\" alt=\"\" \/>\t\t\t\t\t\t\n\t\t\t\t\t<\/div>\n\t\t\t\t\t\t\t\t\n<style>\n#image_927437678 {\n  width: 100%;\n}\n<\/style>\n\t<\/div>\n\t\n\n\n\t\t<\/div>\n\t\t\t\t\t<\/div>\n\n\t\n\n\t<div id=\"col-1225058026\" class=\"col medium-4 small-12 large-4\"  data-animate=\"fadeInLeft\">\n\t\t\t\t<div class=\"col-inner text-center\"  >\n\t\t\t\n\t\t\t\n\n\t<div id=\"text-2513643101\" class=\"text\">\n\t\t\n\n<h2><strong>Gesti\u00f3 del Color<\/strong><\/h2>\n<p>La nostra exig\u00e8ncia amb el tractament del color ens fa crear els nostres propis perfils per a cada material i equip d&#8217;impressi\u00f3. Tots els nostres sistemes s\u00f3n calibrats i revisats peri\u00f2dicament per assegurar la fidelitat en el color de cada impressi\u00f3. <\/p>\n<p>La nostra <strong>Carta de color IT8<\/strong> est\u00e0 dissenyada per calibrar c\u00e0meres digitals en diferents formats com ara JPEG, TIFF o RAW. Donada la seva fidelitat en els processos de captura de la llum i el color, \u00e9s usada com a refer\u00e8ncia per diverses Institucions i professionals de la fotografia. <\/p>\n\t\t\n<style>\n#text-2513643101 {\n  text-align: left;\n}\n<\/style>\n\t<\/div>\n\t\n\n\t\t<\/div>\n\t\t\t\t\t<\/div>\n\n\t\n\n<\/div>\n<span class=\"scroll-to\" data-label=\"Scroll to: #retoque-de-la-imagen\" data-bullet=\"false\" data-link=\"#retoque-de-la-imagen\" data-title=\"retoque-de-la-imagen\" ><a name=\"retoque-de-la-imagen\"><\/a><\/span>\n\n\t<div id=\"gap-488068480\" class=\"gap-element clearfix\" style=\"display:block; height:auto;\">\n\t\t\n<style>\n#gap-488068480 {\n  padding-top: 70px;\n}\n<\/style>\n\t<\/div>\n\t\n\n<div class=\"row\"  id=\"row-1678576682\">\n\n\n\t<div id=\"col-1862105920\" class=\"col medium-4 small-12 large-4\"  data-animate=\"fadeInRight\">\n\t\t\t\t<div class=\"col-inner text-center\"  >\n\t\t\t\n\t\t\t\n\n\t<div id=\"text-3274296033\" class=\"text\">\n\t\t\n\n<h2><strong>Retoc de la imatge<br><\/strong><\/h2>\n<p>Mitjan\u00e7ant t\u00e8cniques de postproducci\u00f3 fotogr\u00e0fica, donem a les imatges un acabat final que les fan \u00faniques i impactants.<\/p>\n<p>Comptem amb especialistes a cada \u00e0rea del retoc, des del fotomuntatge tradicional fins al retoc de moda o cosm\u00e8tica, passant per l&#8217;automoci\u00f3, l&#8217;arquitectura, productes de gran consum, etc.<\/p>\n\t\t\n<style>\n#text-3274296033 {\n  text-align: left;\n}\n<\/style>\n\t<\/div>\n\t\n\n\t\t<\/div>\n\t\t\t\t\n<style>\n#col-1862105920 > .col-inner {\n  padding: 50px 0px 0px 0px;\n}\n<\/style>\n\t<\/div>\n\n\t\n\n\t<div id=\"col-680788019\" class=\"col medium-8 small-12 large-8\"  data-animate=\"fadeInLeft\">\n\t\t\t\t<div class=\"col-inner\"  >\n\t\t\t\n\t\t\t\n\n\t<div class=\"img has-hover x md-x lg-x y md-y lg-y\" id=\"image_1027750242\">\n\t\t\t\t\t\t\t\t<div class=\"img-inner box-shadow-3 dark\" >\n\t\t\t<img loading=\"lazy\" decoding=\"async\" width=\"670\" height=\"348\" src=\"http:\/\/egm.es\/wp-content\/uploads\/2021\/06\/Grafico_pegado-7-e1718703501973.jpg\" class=\"attachment-large size-large\" alt=\"\" \/>\t\t\t\t\t\t\n\t\t\t\t\t<\/div>\n\t\t\t\t\t\t\t\t\n<style>\n#image_1027750242 {\n  width: 100%;\n}\n<\/style>\n\t<\/div>\n\t\n\n\n\t\t<\/div>\n\t\t\t\t\t<\/div>\n\n\t\n\n<\/div>\n\t<div id=\"gap-1657457311\" class=\"gap-element clearfix hide-for-small\" style=\"display:block; height:auto;\">\n\t\t\n<style>\n#gap-1657457311 {\n  padding-top: 110px;\n}\n<\/style>\n\t<\/div>\n\t\n\n\n","protected":false},"excerpt":{"rendered":"","protected":false},"author":2,"featured_media":0,"parent":0,"menu_order":0,"comment_status":"closed","ping_status":"closed","template":"","meta":{"footnotes":""},"class_list":["post-37914","page","type-page","status-publish","hentry"],"yoast_head":"<!-- This site is optimized with the Yoast SEO plugin v27.3 - https:\/\/yoast.com\/product\/yoast-seo-wordpress\/ -->\n<title>La imatge i el color - EGM<\/title>\n<meta name=\"robots\" content=\"index, follow, max-snippet:-1, max-image-preview:large, max-video-preview:-1\" \/>\n<link rel=\"canonical\" href=\"http:\/\/egm.es\/ca\/la-imatge-i-el-color\" \/>\n<meta property=\"og:locale\" content=\"ca_ES\" \/>\n<meta property=\"og:type\" content=\"article\" \/>\n<meta property=\"og:title\" content=\"La imatge i el color - EGM\" \/>\n<meta property=\"og:url\" content=\"http:\/\/egm.es\/ca\/la-imatge-i-el-color\" \/>\n<meta property=\"og:site_name\" content=\"EGM\" \/>\n<meta property=\"article:modified_time\" content=\"2025-01-25T18:14:20+00:00\" \/>\n<meta name=\"twitter:card\" content=\"summary_large_image\" \/>\n<meta name=\"twitter:label1\" content=\"Temps estimat de lectura\" \/>\n\t<meta name=\"twitter:data1\" content=\"3 minuts\" \/>\n<script type=\"application\/ld+json\" class=\"yoast-schema-graph\">{\"@context\":\"https:\\\/\\\/schema.org\",\"@graph\":[{\"@type\":\"WebPage\",\"@id\":\"http:\\\/\\\/egm.es\\\/ca\\\/la-imatge-i-el-color\",\"url\":\"http:\\\/\\\/egm.es\\\/ca\\\/la-imatge-i-el-color\",\"name\":\"La imatge i el color - EGM\",\"isPartOf\":{\"@id\":\"http:\\\/\\\/egm.es\\\/ca#website\"},\"datePublished\":\"2024-05-22T10:30:19+00:00\",\"dateModified\":\"2025-01-25T18:14:20+00:00\",\"breadcrumb\":{\"@id\":\"http:\\\/\\\/egm.es\\\/ca\\\/la-imatge-i-el-color#breadcrumb\"},\"inLanguage\":\"ca\",\"potentialAction\":[{\"@type\":\"ReadAction\",\"target\":[\"http:\\\/\\\/egm.es\\\/ca\\\/la-imatge-i-el-color\"]}]},{\"@type\":\"BreadcrumbList\",\"@id\":\"http:\\\/\\\/egm.es\\\/ca\\\/la-imatge-i-el-color#breadcrumb\",\"itemListElement\":[{\"@type\":\"ListItem\",\"position\":1,\"name\":\"Portada\",\"item\":\"http:\\\/\\\/www2.egm.es\\\/ca\"},{\"@type\":\"ListItem\",\"position\":2,\"name\":\"La imatge i el color\"}]},{\"@type\":\"WebSite\",\"@id\":\"http:\\\/\\\/egm.es\\\/ca#website\",\"url\":\"http:\\\/\\\/egm.es\\\/ca\",\"name\":\"EGM\",\"description\":\"Counicaci\u00f3n visual\",\"potentialAction\":[{\"@type\":\"SearchAction\",\"target\":{\"@type\":\"EntryPoint\",\"urlTemplate\":\"http:\\\/\\\/egm.es\\\/ca?s={search_term_string}\"},\"query-input\":{\"@type\":\"PropertyValueSpecification\",\"valueRequired\":true,\"valueName\":\"search_term_string\"}}],\"inLanguage\":\"ca\"}]}<\/script>\n<!-- \/ Yoast SEO plugin. -->","yoast_head_json":{"title":"La imatge i el color - EGM","robots":{"index":"index","follow":"follow","max-snippet":"max-snippet:-1","max-image-preview":"max-image-preview:large","max-video-preview":"max-video-preview:-1"},"canonical":"http:\/\/egm.es\/ca\/la-imatge-i-el-color","og_locale":"ca_ES","og_type":"article","og_title":"La imatge i el color - EGM","og_url":"http:\/\/egm.es\/ca\/la-imatge-i-el-color","og_site_name":"EGM","article_modified_time":"2025-01-25T18:14:20+00:00","twitter_card":"summary_large_image","twitter_misc":{"Temps estimat de lectura":"3 minuts"},"schema":{"@context":"https:\/\/schema.org","@graph":[{"@type":"WebPage","@id":"http:\/\/egm.es\/ca\/la-imatge-i-el-color","url":"http:\/\/egm.es\/ca\/la-imatge-i-el-color","name":"La imatge i el color - EGM","isPartOf":{"@id":"http:\/\/egm.es\/ca#website"},"datePublished":"2024-05-22T10:30:19+00:00","dateModified":"2025-01-25T18:14:20+00:00","breadcrumb":{"@id":"http:\/\/egm.es\/ca\/la-imatge-i-el-color#breadcrumb"},"inLanguage":"ca","potentialAction":[{"@type":"ReadAction","target":["http:\/\/egm.es\/ca\/la-imatge-i-el-color"]}]},{"@type":"BreadcrumbList","@id":"http:\/\/egm.es\/ca\/la-imatge-i-el-color#breadcrumb","itemListElement":[{"@type":"ListItem","position":1,"name":"Portada","item":"http:\/\/www2.egm.es\/ca"},{"@type":"ListItem","position":2,"name":"La imatge i el color"}]},{"@type":"WebSite","@id":"http:\/\/egm.es\/ca#website","url":"http:\/\/egm.es\/ca","name":"EGM","description":"Counicaci\u00f3n visual","potentialAction":[{"@type":"SearchAction","target":{"@type":"EntryPoint","urlTemplate":"http:\/\/egm.es\/ca?s={search_term_string}"},"query-input":{"@type":"PropertyValueSpecification","valueRequired":true,"valueName":"search_term_string"}}],"inLanguage":"ca"}]}},"_links":{"self":[{"href":"http:\/\/egm.es\/ca\/wp-json\/wp\/v2\/pages\/37914","targetHints":{"allow":["GET"]}}],"collection":[{"href":"http:\/\/egm.es\/ca\/wp-json\/wp\/v2\/pages"}],"about":[{"href":"http:\/\/egm.es\/ca\/wp-json\/wp\/v2\/types\/page"}],"author":[{"embeddable":true,"href":"http:\/\/egm.es\/ca\/wp-json\/wp\/v2\/users\/2"}],"replies":[{"embeddable":true,"href":"http:\/\/egm.es\/ca\/wp-json\/wp\/v2\/comments?post=37914"}],"version-history":[{"count":1,"href":"http:\/\/egm.es\/ca\/wp-json\/wp\/v2\/pages\/37914\/revisions"}],"predecessor-version":[{"id":37915,"href":"http:\/\/egm.es\/ca\/wp-json\/wp\/v2\/pages\/37914\/revisions\/37915"}],"wp:attachment":[{"href":"http:\/\/egm.es\/ca\/wp-json\/wp\/v2\/media?parent=37914"}],"curies":[{"name":"wp","href":"https:\/\/api.w.org\/{rel}","templated":true}]}}