{"id":37911,"date":"2024-05-22T10:30:19","date_gmt":"2024-05-22T10:30:19","guid":{"rendered":"https:\/\/egm4210.live-website.com\/sobre-nosaltres"},"modified":"2025-01-25T18:08:23","modified_gmt":"2025-01-25T18:08:23","slug":"sobre-nosaltres","status":"publish","type":"page","link":"http:\/\/egm.es\/ca\/sobre-nosaltres","title":{"rendered":"Sobre nosaltres"},"content":{"rendered":"\n<div class=\"row\"  id=\"row-1365053924\">\n\n\n\t<div id=\"col-1667603925\" class=\"col small-12 large-12\"  >\n\t\t\t\t<div class=\"col-inner\"  >\n\t\t\t\n\t\t\t\n\n<div class=\"slider-wrapper relative\" id=\"slider-1304603799\" >\n    <div class=\"slider slider-nav-circle slider-nav-large slider-nav-light slider-style-normal\"\n        data-flickity-options='{\n            \"cellAlign\": \"center\",\n            \"imagesLoaded\": true,\n            \"lazyLoad\": 1,\n            \"freeScroll\": false,\n            \"wrapAround\": true,\n            \"autoPlay\": 6000,\n            \"pauseAutoPlayOnHover\" : true,\n            \"prevNextButtons\": true,\n            \"contain\" : true,\n            \"adaptiveHeight\" : true,\n            \"dragThreshold\" : 10,\n            \"percentPosition\": true,\n            \"pageDots\": true,\n            \"rightToLeft\": false,\n            \"draggable\": true,\n            \"selectedAttraction\": 0.1,\n            \"parallax\" : 0,\n            \"friction\": 0.6        }'\n        >\n        \n\n\n  <div class=\"banner has-hover\" id=\"banner-1905206137\">\n          <div class=\"banner-inner fill\">\n        <div class=\"banner-bg fill\" >\n            <div class=\"bg fill bg-fill \"><\/div>\n                                    \n                    <\/div>\n\t\t\n        <div class=\"banner-layers container\">\n            <div class=\"fill banner-link\"><\/div>            \n\n   <div id=\"text-box-1064377196\" class=\"text-box banner-layer x50 md-x50 lg-x50 y50 md-y50 lg-y50 res-text\">\n                                <div class=\"text-box-content text dark\">\n              \n              <div class=\"text-inner text-center\">\n                  \n\n\n              <\/div>\n           <\/div>\n                            \n<style>\n#text-box-1064377196 {\n  width: 60%;\n}\n#text-box-1064377196 .text-box-content {\n  font-size: 100%;\n}\n@media (min-width:550px) {\n  #text-box-1064377196 {\n    width: 60%;\n  }\n}\n<\/style>\n    <\/div>\n \n\n        <\/div>\n      <\/div>\n\n            \n<style>\n#banner-1905206137 {\n  padding-top: 150px;\n}\n#banner-1905206137 .bg.bg-loaded {\n  background-image: url(http:\/\/egm.es\/wp-content\/uploads\/2021\/06\/Empresa-2-1024x439.jpg);\n}\n@media (min-width:550px) {\n  #banner-1905206137 {\n    padding-top: 500px;\n  }\n}\n<\/style>\n  <\/div>\n\n\n\n     <\/div>\n\n     <div class=\"loading-spin dark large centered\"><\/div>\n\n\t\n<style>\n#slider-1304603799 .flickity-slider > * {\n  max-width: 1230px!important;\n}\n<\/style>\n<\/div>\n\n\n\n\t\t<\/div>\n\t\t\t\t\t<\/div>\n\n\t\n\n<\/div>\n\t<section class=\"section\" id=\"section_171447549\">\n\t\t<div class=\"bg section-bg fill bg-fill  bg-loaded\" >\n\n\t\t\t\n\t\t\t\n\t\t\t\n\n\t\t<\/div>\n\n\t\t\n\n\t\t<div class=\"section-content relative\">\n\t\t\t\n\n<div class=\"row align-middle align-center\"  id=\"row-157880348\">\n\n\n\t<div id=\"col-933487544\" class=\"col medium-8 small-12 large-8\"  >\n\t\t\t\t<div class=\"col-inner text-center\"  >\n\t\t\t\n\t\t\t\n\n\t<div id=\"gap-608116140\" class=\"gap-element clearfix\" style=\"display:block; height:auto;\">\n\t\t\n<style>\n#gap-608116140 {\n  padding-top: 0px;\n}\n@media (min-width:550px) {\n  #gap-608116140 {\n    padding-top: 30px;\n  }\n}\n<\/style>\n\t<\/div>\n\t\n\n<h1 style=\"color: #111111; text-align: center;\"><strong>EGM<\/strong><\/h1>\n<p style=\"text-align: center;\"><strong>EGM<\/strong> \u00e9s una companyia de serveis integrals per a la <strong>comunicaci\u00f3 visual.<\/strong> Ens dediquem a la creaci\u00f3, edici\u00f3 i reproducci\u00f3 de <strong>continguts digitals<\/strong>, la<strong> impressi\u00f3 digital<\/strong> i el <strong>Fine Art.<\/strong><\/p>\n<p style=\"text-align: center;\">Creada a Barcelona l&#8217;any 1971 per Enric Galve i Joaquim Canal, <strong>EGM<\/strong> t\u00e9 l&#8217;origen en un laboratori de revelat fotogr\u00e0fic professional, basat en els tres principis b\u00e0sics que han marcat la nostra manera d&#8217;entendre el tractament de la imatge: <strong>Innovaci\u00f3, Qualitat i Servei<\/strong>.<\/p>\n\n\t\t<\/div>\n\t\t\t\t\t<\/div>\n\n\t\n\n<\/div>\n\n\t\t<\/div>\n\n\t\t\n<style>\n#section_171447549 {\n  padding-top: 0px;\n  padding-bottom: 0px;\n}\n<\/style>\n\t<\/section>\n\t\n\t<div id=\"gap-570226785\" class=\"gap-element clearfix\" style=\"display:block; height:auto;\">\n\t\t\n<style>\n#gap-570226785 {\n  padding-top: 20px;\n}\n<\/style>\n\t<\/div>\n\t\n\n\t<section class=\"section\" id=\"section_1626733886\">\n\t\t<div class=\"bg section-bg fill bg-fill  bg-loaded\" >\n\n\t\t\t\n\t\t\t\n\t\t\t\n\n\t\t<\/div>\n\n\t\t\n\n\t\t<div class=\"section-content relative\">\n\t\t\t\n\n\t<div id=\"gap-206804813\" class=\"gap-element clearfix\" style=\"display:block; height:auto;\">\n\t\t\n<style>\n#gap-206804813 {\n  padding-top: 30px;\n}\n<\/style>\n\t<\/div>\n\t\n\n<div class=\"row\"  id=\"row-1045278012\">\n\n\n\t<div id=\"col-2079515001\" class=\"col medium-4 small-12 large-4\"  >\n\t\t\t\t<div class=\"col-inner\"  >\n\t\t\t\n\t\t\t\n\n\t<div id=\"text-185876583\" class=\"text\">\n\t\t\n\n<h4>Innovaci\u00f3<\/h4>\n<p>Incorporaci\u00f3 continuada d\u00b4alta tecnologia i renovaci\u00f3 permanent dels nostres sistemes de producci\u00f3. Una constant actualitzaci\u00f3 de coneixements per donar resposta a les darreres tend\u00e8ncies en comunicaci\u00f3 visual.<\/p>\n\t\t\n<style>\n#text-185876583 {\n  text-align: center;\n}\n<\/style>\n\t<\/div>\n\t\n\n\t\t<\/div>\n\t\t\t\t\n<style>\n#col-2079515001 > .col-inner {\n  padding: 0px 30px 0px 30px;\n}\n<\/style>\n\t<\/div>\n\n\t\n\n\t<div id=\"col-1757113721\" class=\"col medium-4 small-12 large-4\"  >\n\t\t\t\t<div class=\"col-inner\"  >\n\t\t\t\n\t\t\t\n\n\t<div id=\"text-3614512689\" class=\"text\">\n\t\t\n\n<h4>Qualitat<\/h4>\n<p>Comprom\u00eds amb els nostres clients sobre els nivells de qualitat i gesti\u00f3 mediambiental avalat per les certificacions ISO 9001 i ISO 14001.<\/p>\n\t\t\n<style>\n#text-3614512689 {\n  text-align: center;\n}\n<\/style>\n\t<\/div>\n\t\n\n\t\t<\/div>\n\t\t\t\t\n<style>\n#col-1757113721 > .col-inner {\n  padding: 0px 10px 0px 10px;\n}\n<\/style>\n\t<\/div>\n\n\t\n\n\t<div id=\"col-1940380828\" class=\"col medium-4 small-12 large-4\"  >\n\t\t\t\t<div class=\"col-inner\"  >\n\t\t\t\n\t\t\t\n\n\t<div id=\"text-3266060824\" class=\"text\">\n\t\t\n\n<h4>Servei<\/h4>\n<p>Un equip hum\u00e0 de m\u00e9s de 90 professionals altament especialitzats i unes instal\u00b7lacions de 4.000 m2 ens permeten oferir un servei comprom\u00e8s amb la satisfacci\u00f3 dels nostres clients.<\/p>\n\t\t\n<style>\n#text-3266060824 {\n  text-align: center;\n}\n<\/style>\n\t<\/div>\n\t\n\n\t\t<\/div>\n\t\t\t\t\n<style>\n#col-1940380828 > .col-inner {\n  padding: 0px 30px 0px 30px;\n}\n<\/style>\n\t<\/div>\n\n\t\n\n<\/div>\n\n\t\t<\/div>\n\n\t\t\n<style>\n#section_1626733886 {\n  padding-top: 30px;\n  padding-bottom: 30px;\n  background-color: rgb(245, 245, 252);\n}\n<\/style>\n\t<\/section>\n\t\n\t<div id=\"gap-618674693\" class=\"gap-element clearfix\" style=\"display:block; height:auto;\">\n\t\t\n<style>\n#gap-618674693 {\n  padding-top: 20px;\n}\n<\/style>\n\t<\/div>\n\t\n\n\t<section class=\"section\" id=\"section_284490358\">\n\t\t<div class=\"bg section-bg fill bg-fill  bg-loaded\" >\n\n\t\t\t\n\t\t\t\n\t\t\t\n\n\t\t<\/div>\n\n\t\t\n\n\t\t<div class=\"section-content relative\">\n\t\t\t\n\n<div class=\"row\"  id=\"row-1021558108\">\n\n\n\t<div id=\"col-1636646436\" class=\"col small-12 large-12\"  >\n\t\t\t\t<div class=\"col-inner\"  >\n\t\t\t\n\t\t\t\n\n\t<div id=\"gap-51675286\" class=\"gap-element clearfix\" style=\"display:block; height:auto;\">\n\t\t\n<style>\n#gap-51675286 {\n  padding-top: 30px;\n}\n<\/style>\n\t<\/div>\n\t\n\n\t<div id=\"text-67618395\" class=\"text\">\n\t\t\n\n<h2 style=\"color: #111111; text-align: center;\"><strong>EGM Global Services<br><\/strong><\/h2>\n<p>Hem recreat en un centre comercial virtual un recorregut per les diferents possibilitats de comunicaci\u00f3 visual que t&#8217;oferim a EGM. Des de la impressi\u00f3 de diferents tipus de vinils, passant per la impressi\u00f3 sobre materials r\u00edgids, la impressi\u00f3 sobre llen\u00e7os i t\u00e8xtils, fins a la instal\u00b7laci\u00f3 de displays, caixes de llum i lletres corp\u00f2ries. Aquest v\u00eddeo ha estat realitzat per <strong><a href=\"https:\/\/egm.studio\/\" target=\"_blank\" rel=\"noopener\" class=\"link-text-egm-studio\">EGMSTUDIO<\/a><\/strong>, la nostra pr\u00f2pia productora audiovisual.<\/p>\n\t\t\n<style>\n#text-67618395 {\n  text-align: center;\n}\n<\/style>\n\t<\/div>\n\t\n\n\t\t<\/div>\n\t\t\t\t\t<\/div>\n\n\t\n\n<\/div>\n\n\t\t<\/div>\n\n\t\t\n<style>\n#section_284490358 {\n  padding-top: 0px;\n  padding-bottom: 0px;\n}\n<\/style>\n\t<\/section>\n\t\n<div class=\"row\"  id=\"row-619397357\">\n\n\n\t<div id=\"col-1263811199\" class=\"col small-12 large-12\"  >\n\t\t\t\t<div class=\"col-inner\"  >\n\t\t\t\n\t\t\t\n\n<div class=\"video video-fit mb\" style=\"padding-top:56.25%;\"><iframe loading=\"lazy\" title=\"EGM Global Services\" width=\"1020\" height=\"574\" src=\"https:\/\/www.youtube.com\/embed\/nU9W8DkT64w?feature=oembed\" frameborder=\"0\" allow=\"accelerometer; autoplay; clipboard-write; encrypted-media; gyroscope; picture-in-picture; web-share\" referrerpolicy=\"strict-origin-when-cross-origin\" allowfullscreen><\/iframe><\/div>\n\n\t<div id=\"gap-1292659082\" class=\"gap-element clearfix\" style=\"display:block; height:auto;\">\n\t\t\n<style>\n#gap-1292659082 {\n  padding-top: 0px;\n}\n@media (min-width:550px) {\n  #gap-1292659082 {\n    padding-top: 70px;\n  }\n}\n<\/style>\n\t<\/div>\n\t\n\n\n\t\t<\/div>\n\t\t\t\t\t<\/div>\n\n\t\n\n<\/div>\n\n","protected":false},"excerpt":{"rendered":"","protected":false},"author":2,"featured_media":0,"parent":0,"menu_order":0,"comment_status":"closed","ping_status":"closed","template":"page-blank.php","meta":{"footnotes":""},"class_list":["post-37911","page","type-page","status-publish","hentry"],"yoast_head":"<!-- This site is optimized with the Yoast SEO plugin v27.3 - https:\/\/yoast.com\/product\/yoast-seo-wordpress\/ -->\n<title>Sobre nosaltres - EGM<\/title>\n<meta name=\"robots\" content=\"index, follow, max-snippet:-1, max-image-preview:large, max-video-preview:-1\" \/>\n<link rel=\"canonical\" href=\"http:\/\/egm.es\/ca\/sobre-nosaltres\" \/>\n<meta property=\"og:locale\" content=\"ca_ES\" \/>\n<meta property=\"og:type\" content=\"article\" \/>\n<meta property=\"og:title\" content=\"Sobre nosaltres - EGM\" \/>\n<meta property=\"og:url\" content=\"http:\/\/egm.es\/ca\/sobre-nosaltres\" \/>\n<meta property=\"og:site_name\" content=\"EGM\" \/>\n<meta property=\"article:modified_time\" content=\"2025-01-25T18:08:23+00:00\" \/>\n<meta name=\"twitter:card\" content=\"summary_large_image\" \/>\n<meta name=\"twitter:label1\" content=\"Temps estimat de lectura\" \/>\n\t<meta name=\"twitter:data1\" content=\"2 minuts\" \/>\n<script type=\"application\/ld+json\" class=\"yoast-schema-graph\">{\"@context\":\"https:\\\/\\\/schema.org\",\"@graph\":[{\"@type\":\"WebPage\",\"@id\":\"http:\\\/\\\/egm.es\\\/ca\\\/sobre-nosaltres\",\"url\":\"http:\\\/\\\/egm.es\\\/ca\\\/sobre-nosaltres\",\"name\":\"Sobre nosaltres - EGM\",\"isPartOf\":{\"@id\":\"http:\\\/\\\/egm.es\\\/ca#website\"},\"datePublished\":\"2024-05-22T10:30:19+00:00\",\"dateModified\":\"2025-01-25T18:08:23+00:00\",\"breadcrumb\":{\"@id\":\"http:\\\/\\\/egm.es\\\/ca\\\/sobre-nosaltres#breadcrumb\"},\"inLanguage\":\"ca\",\"potentialAction\":[{\"@type\":\"ReadAction\",\"target\":[\"http:\\\/\\\/egm.es\\\/ca\\\/sobre-nosaltres\"]}]},{\"@type\":\"BreadcrumbList\",\"@id\":\"http:\\\/\\\/egm.es\\\/ca\\\/sobre-nosaltres#breadcrumb\",\"itemListElement\":[{\"@type\":\"ListItem\",\"position\":1,\"name\":\"Portada\",\"item\":\"http:\\\/\\\/www2.egm.es\\\/ca\"},{\"@type\":\"ListItem\",\"position\":2,\"name\":\"Sobre nosaltres\"}]},{\"@type\":\"WebSite\",\"@id\":\"http:\\\/\\\/egm.es\\\/ca#website\",\"url\":\"http:\\\/\\\/egm.es\\\/ca\",\"name\":\"EGM\",\"description\":\"Counicaci\u00f3n visual\",\"potentialAction\":[{\"@type\":\"SearchAction\",\"target\":{\"@type\":\"EntryPoint\",\"urlTemplate\":\"http:\\\/\\\/egm.es\\\/ca?s={search_term_string}\"},\"query-input\":{\"@type\":\"PropertyValueSpecification\",\"valueRequired\":true,\"valueName\":\"search_term_string\"}}],\"inLanguage\":\"ca\"}]}<\/script>\n<!-- \/ Yoast SEO plugin. -->","yoast_head_json":{"title":"Sobre nosaltres - EGM","robots":{"index":"index","follow":"follow","max-snippet":"max-snippet:-1","max-image-preview":"max-image-preview:large","max-video-preview":"max-video-preview:-1"},"canonical":"http:\/\/egm.es\/ca\/sobre-nosaltres","og_locale":"ca_ES","og_type":"article","og_title":"Sobre nosaltres - EGM","og_url":"http:\/\/egm.es\/ca\/sobre-nosaltres","og_site_name":"EGM","article_modified_time":"2025-01-25T18:08:23+00:00","twitter_card":"summary_large_image","twitter_misc":{"Temps estimat de lectura":"2 minuts"},"schema":{"@context":"https:\/\/schema.org","@graph":[{"@type":"WebPage","@id":"http:\/\/egm.es\/ca\/sobre-nosaltres","url":"http:\/\/egm.es\/ca\/sobre-nosaltres","name":"Sobre nosaltres - EGM","isPartOf":{"@id":"http:\/\/egm.es\/ca#website"},"datePublished":"2024-05-22T10:30:19+00:00","dateModified":"2025-01-25T18:08:23+00:00","breadcrumb":{"@id":"http:\/\/egm.es\/ca\/sobre-nosaltres#breadcrumb"},"inLanguage":"ca","potentialAction":[{"@type":"ReadAction","target":["http:\/\/egm.es\/ca\/sobre-nosaltres"]}]},{"@type":"BreadcrumbList","@id":"http:\/\/egm.es\/ca\/sobre-nosaltres#breadcrumb","itemListElement":[{"@type":"ListItem","position":1,"name":"Portada","item":"http:\/\/www2.egm.es\/ca"},{"@type":"ListItem","position":2,"name":"Sobre nosaltres"}]},{"@type":"WebSite","@id":"http:\/\/egm.es\/ca#website","url":"http:\/\/egm.es\/ca","name":"EGM","description":"Counicaci\u00f3n visual","potentialAction":[{"@type":"SearchAction","target":{"@type":"EntryPoint","urlTemplate":"http:\/\/egm.es\/ca?s={search_term_string}"},"query-input":{"@type":"PropertyValueSpecification","valueRequired":true,"valueName":"search_term_string"}}],"inLanguage":"ca"}]}},"_links":{"self":[{"href":"http:\/\/egm.es\/ca\/wp-json\/wp\/v2\/pages\/37911","targetHints":{"allow":["GET"]}}],"collection":[{"href":"http:\/\/egm.es\/ca\/wp-json\/wp\/v2\/pages"}],"about":[{"href":"http:\/\/egm.es\/ca\/wp-json\/wp\/v2\/types\/page"}],"author":[{"embeddable":true,"href":"http:\/\/egm.es\/ca\/wp-json\/wp\/v2\/users\/2"}],"replies":[{"embeddable":true,"href":"http:\/\/egm.es\/ca\/wp-json\/wp\/v2\/comments?post=37911"}],"version-history":[{"count":1,"href":"http:\/\/egm.es\/ca\/wp-json\/wp\/v2\/pages\/37911\/revisions"}],"predecessor-version":[{"id":37912,"href":"http:\/\/egm.es\/ca\/wp-json\/wp\/v2\/pages\/37911\/revisions\/37912"}],"wp:attachment":[{"href":"http:\/\/egm.es\/ca\/wp-json\/wp\/v2\/media?parent=37911"}],"curies":[{"name":"wp","href":"https:\/\/api.w.org\/{rel}","templated":true}]}}