{"id":37896,"date":"2024-05-23T09:12:26","date_gmt":"2024-05-23T09:12:26","guid":{"rendered":"https:\/\/egm4210.live-website.com\/laia-abril"},"modified":"2025-01-25T17:21:45","modified_gmt":"2025-01-25T17:21:45","slug":"laia-abril","status":"publish","type":"page","link":"http:\/\/egm.es\/ca\/laia-abril","title":{"rendered":"Laia Abril"},"content":{"rendered":"\n\t<div id=\"gap-287017285\" class=\"gap-element clearfix\" style=\"display:block; height:auto;\">\n\t\t\n<style>\n#gap-287017285 {\n  padding-top: 30px;\n}\n<\/style>\n\t<\/div>\n\t\n\n<div class=\"row\"  id=\"row-1326554561\">\n\n\n\t<div id=\"col-111189936\" class=\"col medium-6 small-12 large-6\"  >\n\t\t\t\t<div class=\"col-inner\"  >\n\t\t\t\n\t\t\t\n\n<h1 style=\"font-size: 3em;\"><strong>Laia Abril<\/strong><\/h1>\n<h3><strong>Fot\u00f2grafa<\/strong><\/h3>\n<p>Laia Abril (1986) \u00e9s una artista barcelonina que treballa amb fotografia, text i so en projectes basats en llargues investigacions sobre realitats ocultes i inc\u00f2modes al voltant del dol, la biopol\u00edtica i els drets de la dona.<\/p>\n<p>La seva obra s&#8217;ha exposat a m\u00e9s de 15 pa\u00efsos i forma part de col\u00b7leccions privades i p\u00fabliques. La seva carrera ha estat reconeguda entre altres amb el Prix de la Photo Madame Figaro (Arles 2016), The Hood Medal (Londres, 2019) i el FOAM Paul Huf Award (Amsterdam, 2020). Autora de diversos llibres, el 2018 publica A History of Misogyny, chapter one: On Abortion \u2014 nominat al prestigi\u00f3s Premi Deutsche B\u00f6rse i guanyador del Premi al Millor Llibre Aperture-Paris Photo.  <\/p>\n<p>Abril est\u00e0 representada per la galeria parisenca Les Filles du Calvaire, i es troba desenvolupant el proper llibre: On Rape (Dewi Lewis, 2021) i la seva propera instal\u00b7laci\u00f3: On Mass Hysteria (Le Bal, Par\u00eds &amp; Mus\u00e9e de l&#8217;Elys\u00e9e 2023) .<\/p>\n<p><span style=\"color: #000000;\"><a style=\"color: #000000;\" href=\"https:\/\/www.laiaabril.com\/\" target=\"_blank\" rel=\"noopener\"><strong>laiaabril.com<\/strong><\/a><\/span><\/p>\n<div class=\"social-icons follow-icons\" ><a href=\"https:\/\/instagram.com\/laia_abril\" target=\"_blank\" data-label=\"Instagram\" class=\"icon button circle is-outline instagram tooltip\" title=\"Seguiu-nos a Instagram\" aria-label=\"Seguiu-nos a Instagram\" rel=\"noopener nofollow\" ><i class=\"icon-instagram\" ><\/i><\/a><a href=\"https:\/\/twitter.com\/laiaabril\" data-label=\"X\" target=\"_blank\" class=\"icon button circle is-outline x tooltip\" title=\"Follow on X\" aria-label=\"Follow on X\" rel=\"noopener nofollow\" ><i class=\"icon-x\" ><\/i><\/a><a href=\"mailto:hello@laiaabril.com\" data-label=\"E-mail\" target=\"_blank\" class=\"icon button circle is-outline email tooltip\" title=\"Envia&#039;ns un email\" aria-label=\"Envia&#039;ns un email\" rel=\"nofollow noopener\" ><i class=\"icon-envelop\" ><\/i><\/a><\/div>\n\n\n\t\t<\/div>\n\t\t\t\t\t<\/div>\n\n\t\n\n\t<div id=\"col-23636697\" class=\"col medium-6 small-12 large-6\"  >\n\t\t\t\t<div class=\"col-inner\"  >\n\t\t\t\n\t\t\t\n\n\t<div class=\"img has-hover x md-x lg-x y md-y lg-y\" id=\"image_2010558958\">\n\t\t\t\t\t\t\t\t<div class=\"img-inner dark\" >\n\t\t\t<img loading=\"lazy\" decoding=\"async\" width=\"672\" height=\"672\" src=\"http:\/\/egm.es\/wp-content\/uploads\/2022\/05\/Retrat-LAIA-ABRIL2.jpg\" class=\"attachment-large size-large\" alt=\"\" \/>\t\t\t\t\t\t\n\t\t\t\t\t<\/div>\n\t\t\t\t\t\t\t\t\n<style>\n#image_2010558958 {\n  width: 100%;\n}\n<\/style>\n\t<\/div>\n\t\n\n<p>MAHALA NUUK 2020<\/p>\n\n\t\t<\/div>\n\t\t\t\t\t<\/div>\n\n\t\n\n<\/div>\n\t<div id=\"gap-1831491382\" class=\"gap-element clearfix\" style=\"display:block; height:auto;\">\n\t\t\n<style>\n#gap-1831491382 {\n  padding-top: 30px;\n}\n<\/style>\n\t<\/div>\n\t\n\n<div class=\"row\"  id=\"row-1547617775\">\n\n\n\t<div id=\"col-11197858\" class=\"col small-12 large-12\"  >\n\t\t\t\t<div class=\"col-inner\"  >\n\t\t\t\n\t\t\t\n\n<h3 style=\"text-align: center;\"><strong>Obra fotogr\u00e0fica<br><\/strong><\/h3>\n\n\t\t<\/div>\n\t\t\t\t\t<\/div>\n\n\t\n\n<\/div>\n\t<div id=\"gap-1269854561\" class=\"gap-element clearfix\" style=\"display:block; height:auto;\">\n\t\t\n<style>\n#gap-1269854561 {\n  padding-top: 30px;\n}\n<\/style>\n\t<\/div>\n\t\n\n\n  \n    <div class=\"row large-columns-3 medium-columns- small-columns-1 slider row-slider slider-nav-reveal\"  data-flickity-options='{\"imagesLoaded\": true, \"groupCells\": \"100%\", \"dragThreshold\" : 5, \"cellAlign\": \"left\",\"wrapAround\": true,\"prevNextButtons\": true,\"percentPosition\": true,\"pageDots\": false, \"rightToLeft\": false, \"autoPlay\" : 3000}' >\n\n  <div class=\"gallery-col col\" >\n          <div class=\"col-inner\">\n            <a class=\"image-lightbox lightbox-gallery\" href=\"http:\/\/egm.es\/wp-content\/uploads\/2022\/05\/09_LAIA-ABRIL-LOBISMULLER-EXPOPOGALLERY-EGM-683x1024.jpg\" title=\"\">            <div class=\"box has-hover gallery-box box-overlay dark\">\n              <div class=\"box-image image-cover\" style=\"padding-top:100%;\">\n                <img loading=\"lazy\" decoding=\"async\" width=\"200\" height=\"300\" src=\"http:\/\/egm.es\/wp-content\/uploads\/2022\/05\/09_LAIA-ABRIL-LOBISMULLER-EXPOPOGALLERY-EGM-200x300.jpg\" class=\"attachment-medium size-medium\" alt=\"\" ids=\"23084,23087,24038,24037,24036,23075,23082,23071,23077,23079\" type=\"slider\" columns=\"3\" columns__sm=\"1\" auto_slide=\"3000\" image_height=\"100%\" \/>                                  <div class=\"overlay fill\"\n                      style=\"background-color: rgba(0,0,0,.15)\">\n                  <\/div>\n                                                              <\/div>\n              <div class=\"box-text text-left\" >\n                 <p><\/p>\n              <\/div>\n            <\/div>\n            <\/a>          <\/div>\n         <\/div><div class=\"gallery-col col\" >\n          <div class=\"col-inner\">\n            <a class=\"image-lightbox lightbox-gallery\" href=\"http:\/\/egm.es\/wp-content\/uploads\/2022\/05\/10_LAIA-ABRIL-LOBISMULLER-EXPOPOGALLERY-EGM-683x1024.jpg\" title=\"\">            <div class=\"box has-hover gallery-box box-overlay dark\">\n              <div class=\"box-image image-cover\" style=\"padding-top:100%;\">\n                <img loading=\"lazy\" decoding=\"async\" width=\"200\" height=\"300\" src=\"http:\/\/egm.es\/wp-content\/uploads\/2022\/05\/10_LAIA-ABRIL-LOBISMULLER-EXPOPOGALLERY-EGM-200x300.jpg\" class=\"attachment-medium size-medium\" alt=\"\" ids=\"23084,23087,24038,24037,24036,23075,23082,23071,23077,23079\" type=\"slider\" columns=\"3\" columns__sm=\"1\" auto_slide=\"3000\" image_height=\"100%\" \/>                                  <div class=\"overlay fill\"\n                      style=\"background-color: rgba(0,0,0,.15)\">\n                  <\/div>\n                                                              <\/div>\n              <div class=\"box-text text-left\" >\n                 <p><\/p>\n              <\/div>\n            <\/div>\n            <\/a>          <\/div>\n         <\/div><div class=\"gallery-col col\" >\n          <div class=\"col-inner\">\n            <a class=\"image-lightbox lightbox-gallery\" href=\"http:\/\/egm.es\/wp-content\/uploads\/2023\/09\/03_LAIA-ABRIL-ON-ABORTION-EXPOGALLERY-EGM-1024x683.jpg\" title=\"\">            <div class=\"box has-hover gallery-box box-overlay dark\">\n              <div class=\"box-image image-cover\" style=\"padding-top:100%;\">\n                <img loading=\"lazy\" decoding=\"async\" width=\"300\" height=\"200\" src=\"http:\/\/egm.es\/wp-content\/uploads\/2023\/09\/03_LAIA-ABRIL-ON-ABORTION-EXPOGALLERY-EGM-300x200.jpg\" class=\"attachment-medium size-medium\" alt=\"\" ids=\"23084,23087,24038,24037,24036,23075,23082,23071,23077,23079\" type=\"slider\" columns=\"3\" columns__sm=\"1\" auto_slide=\"3000\" image_height=\"100%\" \/>                                  <div class=\"overlay fill\"\n                      style=\"background-color: rgba(0,0,0,.15)\">\n                  <\/div>\n                                                              <\/div>\n              <div class=\"box-text text-left\" >\n                 <p><\/p>\n              <\/div>\n            <\/div>\n            <\/a>          <\/div>\n         <\/div><div class=\"gallery-col col\" >\n          <div class=\"col-inner\">\n            <a class=\"image-lightbox lightbox-gallery\" href=\"http:\/\/egm.es\/wp-content\/uploads\/2023\/09\/02_LAIA-ABRIL-ON-ABORTION-EXPOPOGALLERY-EGM-1024x683.jpg\" title=\"\">            <div class=\"box has-hover gallery-box box-overlay dark\">\n              <div class=\"box-image image-cover\" style=\"padding-top:100%;\">\n                <img loading=\"lazy\" decoding=\"async\" width=\"300\" height=\"200\" src=\"http:\/\/egm.es\/wp-content\/uploads\/2023\/09\/02_LAIA-ABRIL-ON-ABORTION-EXPOPOGALLERY-EGM-300x200.jpg\" class=\"attachment-medium size-medium\" alt=\"\" ids=\"23084,23087,24038,24037,24036,23075,23082,23071,23077,23079\" type=\"slider\" columns=\"3\" columns__sm=\"1\" auto_slide=\"3000\" image_height=\"100%\" \/>                                  <div class=\"overlay fill\"\n                      style=\"background-color: rgba(0,0,0,.15)\">\n                  <\/div>\n                                                              <\/div>\n              <div class=\"box-text text-left\" >\n                 <p><\/p>\n              <\/div>\n            <\/div>\n            <\/a>          <\/div>\n         <\/div><div class=\"gallery-col col\" >\n          <div class=\"col-inner\">\n            <a class=\"image-lightbox lightbox-gallery\" href=\"http:\/\/egm.es\/wp-content\/uploads\/2023\/09\/01_LAIA-ABRIL-ON-ABORTION-EXPOPOGALLERY-EGM-1024x683.jpg\" title=\"\">            <div class=\"box has-hover gallery-box box-overlay dark\">\n              <div class=\"box-image image-cover\" style=\"padding-top:100%;\">\n                <img loading=\"lazy\" decoding=\"async\" width=\"300\" height=\"200\" src=\"http:\/\/egm.es\/wp-content\/uploads\/2023\/09\/01_LAIA-ABRIL-ON-ABORTION-EXPOPOGALLERY-EGM-300x200.jpg\" class=\"attachment-medium size-medium\" alt=\"\" ids=\"23084,23087,24038,24037,24036,23075,23082,23071,23077,23079\" type=\"slider\" columns=\"3\" columns__sm=\"1\" auto_slide=\"3000\" image_height=\"100%\" \/>                                  <div class=\"overlay fill\"\n                      style=\"background-color: rgba(0,0,0,.15)\">\n                  <\/div>\n                                                              <\/div>\n              <div class=\"box-text text-left\" >\n                 <p><\/p>\n              <\/div>\n            <\/div>\n            <\/a>          <\/div>\n         <\/div><div class=\"gallery-col col\" >\n          <div class=\"col-inner\">\n            <a class=\"image-lightbox lightbox-gallery\" href=\"http:\/\/egm.es\/wp-content\/uploads\/2022\/05\/05_LAIA-ABRIL-THE-EPILOGUE-EXPOPOGALLERY-EGM-1024x878.jpg\" title=\"\">            <div class=\"box has-hover gallery-box box-overlay dark\">\n              <div class=\"box-image image-cover\" style=\"padding-top:100%;\">\n                <img loading=\"lazy\" decoding=\"async\" width=\"300\" height=\"257\" src=\"http:\/\/egm.es\/wp-content\/uploads\/2022\/05\/05_LAIA-ABRIL-THE-EPILOGUE-EXPOPOGALLERY-EGM-300x257.jpg\" class=\"attachment-medium size-medium\" alt=\"\" ids=\"23084,23087,24038,24037,24036,23075,23082,23071,23077,23079\" type=\"slider\" columns=\"3\" columns__sm=\"1\" auto_slide=\"3000\" image_height=\"100%\" \/>                                  <div class=\"overlay fill\"\n                      style=\"background-color: rgba(0,0,0,.15)\">\n                  <\/div>\n                                                              <\/div>\n              <div class=\"box-text text-left\" >\n                 <p><\/p>\n              <\/div>\n            <\/div>\n            <\/a>          <\/div>\n         <\/div><div class=\"gallery-col col\" >\n          <div class=\"col-inner\">\n            <a class=\"image-lightbox lightbox-gallery\" href=\"http:\/\/egm.es\/wp-content\/uploads\/2022\/05\/08_LAIA-ABRIL-LOBISMULLER-EXPOPOGALLERY-EGM-1024x683.jpg\" title=\"\">            <div class=\"box has-hover gallery-box box-overlay dark\">\n              <div class=\"box-image image-cover\" style=\"padding-top:100%;\">\n                <img loading=\"lazy\" decoding=\"async\" width=\"300\" height=\"200\" src=\"http:\/\/egm.es\/wp-content\/uploads\/2022\/05\/08_LAIA-ABRIL-LOBISMULLER-EXPOPOGALLERY-EGM-300x200.jpg\" class=\"attachment-medium size-medium\" alt=\"\" ids=\"23084,23087,24038,24037,24036,23075,23082,23071,23077,23079\" type=\"slider\" columns=\"3\" columns__sm=\"1\" auto_slide=\"3000\" image_height=\"100%\" \/>                                  <div class=\"overlay fill\"\n                      style=\"background-color: rgba(0,0,0,.15)\">\n                  <\/div>\n                                                              <\/div>\n              <div class=\"box-text text-left\" >\n                 <p><\/p>\n              <\/div>\n            <\/div>\n            <\/a>          <\/div>\n         <\/div><div class=\"gallery-col col\" >\n          <div class=\"col-inner\">\n            <a class=\"image-lightbox lightbox-gallery\" href=\"http:\/\/egm.es\/wp-content\/uploads\/2022\/05\/04_LAIA-ABRIL-THE-EPILOGUE-EXPOGALLERY-EGM-1024x683.jpg\" title=\"\">            <div class=\"box has-hover gallery-box box-overlay dark\">\n              <div class=\"box-image image-cover\" style=\"padding-top:100%;\">\n                <img loading=\"lazy\" decoding=\"async\" width=\"300\" height=\"200\" src=\"http:\/\/egm.es\/wp-content\/uploads\/2022\/05\/04_LAIA-ABRIL-THE-EPILOGUE-EXPOGALLERY-EGM-300x200.jpg\" class=\"attachment-medium size-medium\" alt=\"\" ids=\"23084,23087,24038,24037,24036,23075,23082,23071,23077,23079\" type=\"slider\" columns=\"3\" columns__sm=\"1\" auto_slide=\"3000\" image_height=\"100%\" \/>                                  <div class=\"overlay fill\"\n                      style=\"background-color: rgba(0,0,0,.15)\">\n                  <\/div>\n                                                              <\/div>\n              <div class=\"box-text text-left\" >\n                 <p><\/p>\n              <\/div>\n            <\/div>\n            <\/a>          <\/div>\n         <\/div><div class=\"gallery-col col\" >\n          <div class=\"col-inner\">\n            <a class=\"image-lightbox lightbox-gallery\" href=\"http:\/\/egm.es\/wp-content\/uploads\/2022\/05\/06_LAIA-ABRIL-THE-EPILOGUE-EXPOPOGALLERY-EGM-1024x683.jpg\" title=\"\">            <div class=\"box has-hover gallery-box box-overlay dark\">\n              <div class=\"box-image image-cover\" style=\"padding-top:100%;\">\n                <img loading=\"lazy\" decoding=\"async\" width=\"300\" height=\"200\" src=\"http:\/\/egm.es\/wp-content\/uploads\/2022\/05\/06_LAIA-ABRIL-THE-EPILOGUE-EXPOPOGALLERY-EGM-300x200.jpg\" class=\"attachment-medium size-medium\" alt=\"\" ids=\"23084,23087,24038,24037,24036,23075,23082,23071,23077,23079\" type=\"slider\" columns=\"3\" columns__sm=\"1\" auto_slide=\"3000\" image_height=\"100%\" \/>                                  <div class=\"overlay fill\"\n                      style=\"background-color: rgba(0,0,0,.15)\">\n                  <\/div>\n                                                              <\/div>\n              <div class=\"box-text text-left\" >\n                 <p><\/p>\n              <\/div>\n            <\/div>\n            <\/a>          <\/div>\n         <\/div><div class=\"gallery-col col\" >\n          <div class=\"col-inner\">\n            <a class=\"image-lightbox lightbox-gallery\" href=\"http:\/\/egm.es\/wp-content\/uploads\/2022\/05\/07_LAIA-ABRIL-LOBISMULLER-EXPOPOGALLERY-EGM-1024x683.jpg\" title=\"\">            <div class=\"box has-hover gallery-box box-overlay dark\">\n              <div class=\"box-image image-cover\" style=\"padding-top:100%;\">\n                <img loading=\"lazy\" decoding=\"async\" width=\"300\" height=\"200\" src=\"http:\/\/egm.es\/wp-content\/uploads\/2022\/05\/07_LAIA-ABRIL-LOBISMULLER-EXPOPOGALLERY-EGM-300x200.jpg\" class=\"attachment-medium size-medium\" alt=\"\" ids=\"23084,23087,24038,24037,24036,23075,23082,23071,23077,23079\" type=\"slider\" columns=\"3\" columns__sm=\"1\" auto_slide=\"3000\" image_height=\"100%\" \/>                                  <div class=\"overlay fill\"\n                      style=\"background-color: rgba(0,0,0,.15)\">\n                  <\/div>\n                                                              <\/div>\n              <div class=\"box-text text-left\" >\n                 <p><\/p>\n              <\/div>\n            <\/div>\n            <\/a>          <\/div>\n         <\/div><\/div>\n\n\t<div id=\"gap-1202140673\" class=\"gap-element clearfix\" style=\"display:block; height:auto;\">\n\t\t\n<style>\n#gap-1202140673 {\n  padding-top: 30px;\n}\n<\/style>\n\t<\/div>\n\t\n\n<div class=\"row\"  id=\"row-2014269962\">\n\n\n\t<div id=\"col-449949214\" class=\"col small-12 large-12\"  >\n\t\t\t\t<div class=\"col-inner text-center\"  >\n\t\t\t\n\t\t\t\n\n<a href=\"https:\/\/egm.es\/ca\/expo-gallery\" class=\"button primary is-outline lowercase\"  style=\"border-radius:6px;\">\n    <span>Expo Gallery<\/span>\n  <\/a>\n\n\n\n\t\t<\/div>\n\t\t\t\t\t<\/div>\n\n\t\n\n<\/div>\n\n","protected":false},"excerpt":{"rendered":"","protected":false},"author":2,"featured_media":0,"parent":0,"menu_order":0,"comment_status":"closed","ping_status":"closed","template":"","meta":{"footnotes":""},"class_list":["post-37896","page","type-page","status-publish","hentry"],"yoast_head":"<!-- This site is optimized with the Yoast SEO plugin v27.3 - https:\/\/yoast.com\/product\/yoast-seo-wordpress\/ -->\n<title>Laia Abril - EGM<\/title>\n<meta name=\"robots\" content=\"index, follow, max-snippet:-1, max-image-preview:large, max-video-preview:-1\" \/>\n<link rel=\"canonical\" href=\"http:\/\/egm.es\/ca\/laia-abril\" \/>\n<meta property=\"og:locale\" content=\"ca_ES\" \/>\n<meta property=\"og:type\" content=\"article\" \/>\n<meta property=\"og:title\" content=\"Laia Abril - EGM\" \/>\n<meta property=\"og:url\" content=\"http:\/\/egm.es\/ca\/laia-abril\" \/>\n<meta property=\"og:site_name\" content=\"EGM\" \/>\n<meta property=\"article:modified_time\" content=\"2025-01-25T17:21:45+00:00\" \/>\n<meta name=\"twitter:card\" content=\"summary_large_image\" \/>\n<meta name=\"twitter:label1\" content=\"Temps estimat de lectura\" \/>\n\t<meta name=\"twitter:data1\" content=\"1 minut\" \/>\n<script type=\"application\/ld+json\" class=\"yoast-schema-graph\">{\"@context\":\"https:\\\/\\\/schema.org\",\"@graph\":[{\"@type\":\"WebPage\",\"@id\":\"http:\\\/\\\/egm.es\\\/ca\\\/laia-abril\",\"url\":\"http:\\\/\\\/egm.es\\\/ca\\\/laia-abril\",\"name\":\"Laia Abril - EGM\",\"isPartOf\":{\"@id\":\"http:\\\/\\\/egm.es\\\/ca#website\"},\"datePublished\":\"2024-05-23T09:12:26+00:00\",\"dateModified\":\"2025-01-25T17:21:45+00:00\",\"breadcrumb\":{\"@id\":\"http:\\\/\\\/egm.es\\\/ca\\\/laia-abril#breadcrumb\"},\"inLanguage\":\"ca\",\"potentialAction\":[{\"@type\":\"ReadAction\",\"target\":[\"http:\\\/\\\/egm.es\\\/ca\\\/laia-abril\"]}]},{\"@type\":\"BreadcrumbList\",\"@id\":\"http:\\\/\\\/egm.es\\\/ca\\\/laia-abril#breadcrumb\",\"itemListElement\":[{\"@type\":\"ListItem\",\"position\":1,\"name\":\"Portada\",\"item\":\"http:\\\/\\\/www2.egm.es\\\/ca\"},{\"@type\":\"ListItem\",\"position\":2,\"name\":\"Laia Abril\"}]},{\"@type\":\"WebSite\",\"@id\":\"http:\\\/\\\/egm.es\\\/ca#website\",\"url\":\"http:\\\/\\\/egm.es\\\/ca\",\"name\":\"EGM\",\"description\":\"Counicaci\u00f3n visual\",\"potentialAction\":[{\"@type\":\"SearchAction\",\"target\":{\"@type\":\"EntryPoint\",\"urlTemplate\":\"http:\\\/\\\/egm.es\\\/ca?s={search_term_string}\"},\"query-input\":{\"@type\":\"PropertyValueSpecification\",\"valueRequired\":true,\"valueName\":\"search_term_string\"}}],\"inLanguage\":\"ca\"}]}<\/script>\n<!-- \/ Yoast SEO plugin. -->","yoast_head_json":{"title":"Laia Abril - EGM","robots":{"index":"index","follow":"follow","max-snippet":"max-snippet:-1","max-image-preview":"max-image-preview:large","max-video-preview":"max-video-preview:-1"},"canonical":"http:\/\/egm.es\/ca\/laia-abril","og_locale":"ca_ES","og_type":"article","og_title":"Laia Abril - EGM","og_url":"http:\/\/egm.es\/ca\/laia-abril","og_site_name":"EGM","article_modified_time":"2025-01-25T17:21:45+00:00","twitter_card":"summary_large_image","twitter_misc":{"Temps estimat de lectura":"1 minut"},"schema":{"@context":"https:\/\/schema.org","@graph":[{"@type":"WebPage","@id":"http:\/\/egm.es\/ca\/laia-abril","url":"http:\/\/egm.es\/ca\/laia-abril","name":"Laia Abril - EGM","isPartOf":{"@id":"http:\/\/egm.es\/ca#website"},"datePublished":"2024-05-23T09:12:26+00:00","dateModified":"2025-01-25T17:21:45+00:00","breadcrumb":{"@id":"http:\/\/egm.es\/ca\/laia-abril#breadcrumb"},"inLanguage":"ca","potentialAction":[{"@type":"ReadAction","target":["http:\/\/egm.es\/ca\/laia-abril"]}]},{"@type":"BreadcrumbList","@id":"http:\/\/egm.es\/ca\/laia-abril#breadcrumb","itemListElement":[{"@type":"ListItem","position":1,"name":"Portada","item":"http:\/\/www2.egm.es\/ca"},{"@type":"ListItem","position":2,"name":"Laia Abril"}]},{"@type":"WebSite","@id":"http:\/\/egm.es\/ca#website","url":"http:\/\/egm.es\/ca","name":"EGM","description":"Counicaci\u00f3n visual","potentialAction":[{"@type":"SearchAction","target":{"@type":"EntryPoint","urlTemplate":"http:\/\/egm.es\/ca?s={search_term_string}"},"query-input":{"@type":"PropertyValueSpecification","valueRequired":true,"valueName":"search_term_string"}}],"inLanguage":"ca"}]}},"_links":{"self":[{"href":"http:\/\/egm.es\/ca\/wp-json\/wp\/v2\/pages\/37896","targetHints":{"allow":["GET"]}}],"collection":[{"href":"http:\/\/egm.es\/ca\/wp-json\/wp\/v2\/pages"}],"about":[{"href":"http:\/\/egm.es\/ca\/wp-json\/wp\/v2\/types\/page"}],"author":[{"embeddable":true,"href":"http:\/\/egm.es\/ca\/wp-json\/wp\/v2\/users\/2"}],"replies":[{"embeddable":true,"href":"http:\/\/egm.es\/ca\/wp-json\/wp\/v2\/comments?post=37896"}],"version-history":[{"count":1,"href":"http:\/\/egm.es\/ca\/wp-json\/wp\/v2\/pages\/37896\/revisions"}],"predecessor-version":[{"id":37897,"href":"http:\/\/egm.es\/ca\/wp-json\/wp\/v2\/pages\/37896\/revisions\/37897"}],"wp:attachment":[{"href":"http:\/\/egm.es\/ca\/wp-json\/wp\/v2\/media?parent=37896"}],"curies":[{"name":"wp","href":"https:\/\/api.w.org\/{rel}","templated":true}]}}