{"id":37878,"date":"2024-05-22T10:30:19","date_gmt":"2024-05-22T10:30:19","guid":{"rendered":"https:\/\/egm4210.live-website.com\/certificacio-iso"},"modified":"2025-01-25T10:37:15","modified_gmt":"2025-01-25T10:37:15","slug":"certificacio-iso","status":"publish","type":"page","link":"http:\/\/egm.es\/ca\/certificacio-iso","title":{"rendered":"Certificaci\u00f3 ISO"},"content":{"rendered":"\n<div class=\"row\"  id=\"row-301901093\">\n\n\n\t<div id=\"col-391142744\" class=\"col small-12 large-12\"  >\n\t\t\t\t<div class=\"col-inner\"  >\n\t\t\t\n\t\t\t\n\n<div class=\"slider-wrapper relative\" id=\"slider-277408187\" >\n    <div class=\"slider slider-nav-circle slider-nav-large slider-nav-light slider-style-normal\"\n        data-flickity-options='{\n            \"cellAlign\": \"center\",\n            \"imagesLoaded\": true,\n            \"lazyLoad\": 1,\n            \"freeScroll\": false,\n            \"wrapAround\": true,\n            \"autoPlay\": 6000,\n            \"pauseAutoPlayOnHover\" : true,\n            \"prevNextButtons\": true,\n            \"contain\" : true,\n            \"adaptiveHeight\" : true,\n            \"dragThreshold\" : 10,\n            \"percentPosition\": true,\n            \"pageDots\": true,\n            \"rightToLeft\": false,\n            \"draggable\": true,\n            \"selectedAttraction\": 0.1,\n            \"parallax\" : 0,\n            \"friction\": 0.6        }'\n        >\n        \n\n\n  <div class=\"banner has-hover\" id=\"banner-1663861509\">\n          <div class=\"banner-inner fill\">\n        <div class=\"banner-bg fill\" >\n            <div class=\"bg fill bg-fill \"><\/div>\n                                    \n                    <\/div>\n\t\t\n        <div class=\"banner-layers container\">\n            <div class=\"fill banner-link\"><\/div>            \n\n   <div id=\"text-box-1745336098\" class=\"text-box banner-layer x50 md-x50 lg-x50 y50 md-y50 lg-y50 res-text\">\n                                <div class=\"text-box-content text dark\">\n              \n              <div class=\"text-inner text-center\">\n                  \n\n\n              <\/div>\n           <\/div>\n                            \n<style>\n#text-box-1745336098 {\n  width: 60%;\n}\n#text-box-1745336098 .text-box-content {\n  font-size: 100%;\n}\n@media (min-width:550px) {\n  #text-box-1745336098 {\n    width: 60%;\n  }\n}\n<\/style>\n    <\/div>\n \n\n        <\/div>\n      <\/div>\n\n            \n<style>\n#banner-1663861509 {\n  padding-top: 150px;\n}\n#banner-1663861509 .bg.bg-loaded {\n  background-image: url(http:\/\/egm.es\/wp-content\/uploads\/2021\/11\/CERTIFICACION_ISO_EGM-1024x439.jpg);\n}\n@media (min-width:550px) {\n  #banner-1663861509 {\n    padding-top: 500px;\n  }\n}\n<\/style>\n  <\/div>\n\n\n\n     <\/div>\n\n     <div class=\"loading-spin dark large centered\"><\/div>\n\n\t\n<style>\n#slider-277408187 .flickity-slider > * {\n  max-width: 1230px!important;\n}\n<\/style>\n<\/div>\n\n\n\n\t\t<\/div>\n\t\t\t\t\t<\/div>\n\n\t\n\n<\/div>\n<div class=\"row\"  id=\"row-1074508907\">\n\n\n\t<div id=\"col-821400229\" class=\"col small-12 large-12\"  >\n\t\t\t\t<div class=\"col-inner text-center\"  >\n\t\t\t\n\t\t\t\n\n\t<div id=\"gap-1669149548\" class=\"gap-element clearfix hide-for-small\" style=\"display:block; height:auto;\">\n\t\t\n<style>\n#gap-1669149548 {\n  padding-top: 30px;\n}\n<\/style>\n\t<\/div>\n\t\n\n\t<div id=\"text-2013971508\" class=\"text\">\n\t\t\n\n<h1 style=\"color: #111111; text-align: center;\"><strong>COMPROMESOS AMB EL FUTUR<\/strong><\/h1>\n<p style=\"text-align: center;\">La implementaci\u00f3 i certificaci\u00f3 a les normes ISO 14001, ISO 9001 i ISO 27001, permeten a EGM prendre m\u00e9s consci\u00e8ncia mediambiental, millorar cont\u00ednuament els nostres processos i assegurar la seguretat de la informaci\u00f3 en els serveis que prestem als nostres clients, per tal de perfeccionar la satisfacci\u00f3 a les necessitats de comunicaci\u00f3 visual que atenem.<\/p>\n\t\t\n<style>\n#text-2013971508 {\n  text-align: center;\n}\n<\/style>\n\t<\/div>\n\t\n\n\t\t<\/div>\n\t\t\t\t\t<\/div>\n\n\t\n\n<\/div>\n\t<section class=\"section\" id=\"section_1895944457\">\n\t\t<div class=\"bg section-bg fill bg-fill  bg-loaded\" >\n\n\t\t\t\n\t\t\t\n\t\t\t\n\n\t\t<\/div>\n\n\t\t\n\n\t\t<div class=\"section-content relative\">\n\t\t\t\n\n<div class=\"row row-large\"  id=\"row-70935253\">\n\n\n\t<div id=\"col-1350443122\" class=\"col medium-4 small-12 large-4\"  >\n\t\t\t\t<div class=\"col-inner text-center\"  >\n\t\t\t\n\t\t\t\n\n\t<div class=\"img has-hover x md-x lg-x y md-y lg-y\" id=\"image_694145319\">\n\t\t<a class=\"image-lightbox lightbox-gallery\" title=\"\" href=\"http:\/\/egm.es\/wp-content\/uploads\/2024\/06\/ISO-14001-E_v2-982x1024-copia.png\">\t\t\t\t\t\t<div class=\"img-inner image-cover dark\" style=\"padding-top:100%;\">\n\t\t\t<img loading=\"lazy\" decoding=\"async\" width=\"960\" height=\"1002\" src=\"http:\/\/egm.es\/wp-content\/uploads\/2024\/06\/ISO-14001-E_v2-982x1024-copia.png\" class=\"attachment-large size-large\" alt=\"\" \/>\t\t\t\t\t\t\n\t\t\t\t\t<\/div>\n\t\t\t\t\t\t<\/a>\t\t\n<style>\n#image_694145319 {\n  width: 40%;\n}\n<\/style>\n\t<\/div>\n\t\n\n\t<div id=\"text-2068054477\" class=\"text\">\n\t\t\n\n<p>EGM ha implementat i aplica un sistema de gesti\u00f3 mediambiental en la gesti\u00f3 de continguts digitals, digitalitzaci\u00f3, retoc de la imatge i impressi\u00f3 digital.<\/p>\n\t\t\n<style>\n#text-2068054477 {\n  text-align: center;\n}\n<\/style>\n\t<\/div>\n\t\n<a href=\"https:\/\/egm.es\/wp-content\/uploads\/2024\/07\/EGM-ISO-14001_WEB_2024_02_02.pdf\" target=\"_blank\" class=\"button primary is-outline lowercase\" rel=\"noopener\"  style=\"border-radius:10px;\">\n    <span>Veure certificat<\/span>\n  <\/a>\n\n\n\n\t\t<\/div>\n\t\t\t\t\t<\/div>\n\n\t\n\n\t<div id=\"col-1506517563\" class=\"col medium-4 small-12 large-4\"  >\n\t\t\t\t<div class=\"col-inner text-center\"  >\n\t\t\t\n\t\t\t\n\n\t<div class=\"img has-hover x md-x lg-x y md-y lg-y\" id=\"image_1499338229\">\n\t\t<a class=\"image-lightbox lightbox-gallery\" title=\"\" href=\"http:\/\/egm.es\/wp-content\/uploads\/2024\/06\/ISO-9001-E-v2-982x1024-copia.png\">\t\t\t\t\t\t<div class=\"img-inner image-cover dark\" style=\"padding-top:100%;\">\n\t\t\t<img loading=\"lazy\" decoding=\"async\" width=\"960\" height=\"1002\" src=\"http:\/\/egm.es\/wp-content\/uploads\/2024\/06\/ISO-9001-E-v2-982x1024-copia.png\" class=\"attachment-large size-large\" alt=\"\" \/>\t\t\t\t\t\t\n\t\t\t\t\t<\/div>\n\t\t\t\t\t\t<\/a>\t\t\n<style>\n#image_1499338229 {\n  width: 40%;\n}\n<\/style>\n\t<\/div>\n\t\n\n\t<div id=\"text-2169738155\" class=\"text\">\n\t\t\n\n<p><span class=\"markedContent\"><span id=\"page202R_mcid0\" class=\"markedContent\"><span dir=\"ltr\" role=\"presentation\">EGM ha implementat i aplica un<\/span> <span dir=\"ltr\" role=\"presentation\">sistema de gesti\u00f3 de la qualitat<\/span> a la<span dir=\"ltr\" role=\"presentation\"> gesti\u00f3 de continguts digitals, digitalitzaci\u00f3, retoc de la imatge i impressi\u00f3 digital<\/span>.<\/span><\/span><\/p>\n\t\t\n<style>\n#text-2169738155 {\n  text-align: center;\n}\n<\/style>\n\t<\/div>\n\t\n<a href=\"https:\/\/egm.es\/wp-content\/uploads\/2024\/07\/EGM-ISO-14001_WEB_2024_02_02.pdf\" target=\"_blank\" class=\"button primary is-outline lowercase\" rel=\"noopener\"  style=\"border-radius:10px;\">\n    <span>Veure certificat<\/span>\n  <\/a>\n\n\n\n\t\t<\/div>\n\t\t\t\t\t<\/div>\n\n\t\n\n\t<div id=\"col-1655022922\" class=\"col medium-4 small-12 large-4\"  >\n\t\t\t\t<div class=\"col-inner text-center\"  >\n\t\t\t\n\t\t\t\n\n\t<div class=\"img has-hover x md-x lg-x y md-y lg-y\" id=\"image_350613429\">\n\t\t<a class=\"image-lightbox lightbox-gallery\" title=\"\" href=\"http:\/\/egm.es\/wp-content\/uploads\/2024\/06\/ISO-27001-E_v2-982x1024-copia.png\">\t\t\t\t\t\t<div class=\"img-inner image-cover dark\" style=\"padding-top:100%;\">\n\t\t\t<img loading=\"lazy\" decoding=\"async\" width=\"960\" height=\"1002\" src=\"http:\/\/egm.es\/wp-content\/uploads\/2024\/06\/ISO-27001-E_v2-982x1024-copia.png\" class=\"attachment-large size-large\" alt=\"\" \/>\t\t\t\t\t\t\n\t\t\t\t\t<\/div>\n\t\t\t\t\t\t<\/a>\t\t\n<style>\n#image_350613429 {\n  width: 40%;\n}\n<\/style>\n\t<\/div>\n\t\n\n\t<div id=\"text-679189208\" class=\"text\">\n\t\t\n\n<p>EGM ha implementat i aplica un sistema de seguretat de la informaci\u00f3 a la gesti\u00f3 de continguts digitals CGI.<\/p>\n\t\t\n<style>\n#text-679189208 {\n  text-align: center;\n}\n<\/style>\n\t<\/div>\n\t\n<a href=\"https:\/\/egm.es\/wp-content\/uploads\/2024\/07\/EGM-ISO-27001_WEB_2024_02_02.pdf\" target=\"_blank\" class=\"button primary is-outline lowercase\" rel=\"noopener\"  style=\"border-radius:10px;\">\n    <span>Veure certificat<\/span>\n  <\/a>\n\n\n\n\t\t<\/div>\n\t\t\t\t\t<\/div>\n\n\t\n\n<\/div>\n\n\t\t<\/div>\n\n\t\t\n<style>\n#section_1895944457 {\n  padding-top: 30px;\n  padding-bottom: 30px;\n  background-color: rgb(245, 245, 252);\n}\n<\/style>\n\t<\/section>\n\t\n\t<div id=\"gap-826993913\" class=\"gap-element clearfix\" style=\"display:block; height:auto;\">\n\t\t\n<style>\n#gap-826993913 {\n  padding-top: 80px;\n}\n@media (min-width:550px) {\n  #gap-826993913 {\n    padding-top: 130px;\n  }\n}\n<\/style>\n\t<\/div>\n\t\n\n\n","protected":false},"excerpt":{"rendered":"","protected":false},"author":2,"featured_media":0,"parent":0,"menu_order":0,"comment_status":"closed","ping_status":"closed","template":"page-blank.php","meta":{"footnotes":""},"class_list":["post-37878","page","type-page","status-publish","hentry"],"yoast_head":"<!-- This site is optimized with the Yoast SEO plugin v27.3 - https:\/\/yoast.com\/product\/yoast-seo-wordpress\/ -->\n<title>Certificaci\u00f3 ISO - EGM<\/title>\n<meta name=\"description\" content=\"Disposem de la certificaci\u00f3 ISO 9001 gesti\u00f3 de la qualitat, ISO 27001 seguretat de la informaci\u00f3 i ISO 14001 gesti\u00f3 mediambiental.\" \/>\n<meta name=\"robots\" content=\"index, follow, max-snippet:-1, max-image-preview:large, max-video-preview:-1\" \/>\n<link rel=\"canonical\" href=\"http:\/\/egm.es\/ca\/certificacio-iso\" \/>\n<meta property=\"og:locale\" content=\"ca_ES\" \/>\n<meta property=\"og:type\" content=\"article\" \/>\n<meta property=\"og:title\" content=\"Certificaci\u00f3 ISO - EGM\" \/>\n<meta property=\"og:description\" content=\"Disposem de la certificaci\u00f3 ISO 9001 gesti\u00f3 de la qualitat, ISO 27001 seguretat de la informaci\u00f3 i ISO 14001 gesti\u00f3 mediambiental.\" \/>\n<meta property=\"og:url\" content=\"http:\/\/egm.es\/ca\/certificacio-iso\" \/>\n<meta property=\"og:site_name\" content=\"EGM\" \/>\n<meta property=\"article:modified_time\" content=\"2025-01-25T10:37:15+00:00\" \/>\n<meta name=\"twitter:card\" content=\"summary_large_image\" \/>\n<meta name=\"twitter:label1\" content=\"Temps estimat de lectura\" \/>\n\t<meta name=\"twitter:data1\" content=\"2 minuts\" \/>\n<script type=\"application\/ld+json\" class=\"yoast-schema-graph\">{\"@context\":\"https:\\\/\\\/schema.org\",\"@graph\":[{\"@type\":\"WebPage\",\"@id\":\"http:\\\/\\\/egm.es\\\/ca\\\/certificacio-iso\",\"url\":\"http:\\\/\\\/egm.es\\\/ca\\\/certificacio-iso\",\"name\":\"Certificaci\u00f3 ISO - EGM\",\"isPartOf\":{\"@id\":\"http:\\\/\\\/egm.es\\\/ca#website\"},\"datePublished\":\"2024-05-22T10:30:19+00:00\",\"dateModified\":\"2025-01-25T10:37:15+00:00\",\"description\":\"Disposem de la certificaci\u00f3 ISO 9001 gesti\u00f3 de la qualitat, ISO 27001 seguretat de la informaci\u00f3 i ISO 14001 gesti\u00f3 mediambiental.\",\"breadcrumb\":{\"@id\":\"http:\\\/\\\/egm.es\\\/ca\\\/certificacio-iso#breadcrumb\"},\"inLanguage\":\"ca\",\"potentialAction\":[{\"@type\":\"ReadAction\",\"target\":[\"http:\\\/\\\/egm.es\\\/ca\\\/certificacio-iso\"]}]},{\"@type\":\"BreadcrumbList\",\"@id\":\"http:\\\/\\\/egm.es\\\/ca\\\/certificacio-iso#breadcrumb\",\"itemListElement\":[{\"@type\":\"ListItem\",\"position\":1,\"name\":\"Portada\",\"item\":\"http:\\\/\\\/www2.egm.es\\\/ca\"},{\"@type\":\"ListItem\",\"position\":2,\"name\":\"Certificaci\u00f3 ISO\"}]},{\"@type\":\"WebSite\",\"@id\":\"http:\\\/\\\/egm.es\\\/ca#website\",\"url\":\"http:\\\/\\\/egm.es\\\/ca\",\"name\":\"EGM\",\"description\":\"Counicaci\u00f3n visual\",\"potentialAction\":[{\"@type\":\"SearchAction\",\"target\":{\"@type\":\"EntryPoint\",\"urlTemplate\":\"http:\\\/\\\/egm.es\\\/ca?s={search_term_string}\"},\"query-input\":{\"@type\":\"PropertyValueSpecification\",\"valueRequired\":true,\"valueName\":\"search_term_string\"}}],\"inLanguage\":\"ca\"}]}<\/script>\n<!-- \/ Yoast SEO plugin. -->","yoast_head_json":{"title":"Certificaci\u00f3 ISO - EGM","description":"Disposem de la certificaci\u00f3 ISO 9001 gesti\u00f3 de la qualitat, ISO 27001 seguretat de la informaci\u00f3 i ISO 14001 gesti\u00f3 mediambiental.","robots":{"index":"index","follow":"follow","max-snippet":"max-snippet:-1","max-image-preview":"max-image-preview:large","max-video-preview":"max-video-preview:-1"},"canonical":"http:\/\/egm.es\/ca\/certificacio-iso","og_locale":"ca_ES","og_type":"article","og_title":"Certificaci\u00f3 ISO - EGM","og_description":"Disposem de la certificaci\u00f3 ISO 9001 gesti\u00f3 de la qualitat, ISO 27001 seguretat de la informaci\u00f3 i ISO 14001 gesti\u00f3 mediambiental.","og_url":"http:\/\/egm.es\/ca\/certificacio-iso","og_site_name":"EGM","article_modified_time":"2025-01-25T10:37:15+00:00","twitter_card":"summary_large_image","twitter_misc":{"Temps estimat de lectura":"2 minuts"},"schema":{"@context":"https:\/\/schema.org","@graph":[{"@type":"WebPage","@id":"http:\/\/egm.es\/ca\/certificacio-iso","url":"http:\/\/egm.es\/ca\/certificacio-iso","name":"Certificaci\u00f3 ISO - EGM","isPartOf":{"@id":"http:\/\/egm.es\/ca#website"},"datePublished":"2024-05-22T10:30:19+00:00","dateModified":"2025-01-25T10:37:15+00:00","description":"Disposem de la certificaci\u00f3 ISO 9001 gesti\u00f3 de la qualitat, ISO 27001 seguretat de la informaci\u00f3 i ISO 14001 gesti\u00f3 mediambiental.","breadcrumb":{"@id":"http:\/\/egm.es\/ca\/certificacio-iso#breadcrumb"},"inLanguage":"ca","potentialAction":[{"@type":"ReadAction","target":["http:\/\/egm.es\/ca\/certificacio-iso"]}]},{"@type":"BreadcrumbList","@id":"http:\/\/egm.es\/ca\/certificacio-iso#breadcrumb","itemListElement":[{"@type":"ListItem","position":1,"name":"Portada","item":"http:\/\/www2.egm.es\/ca"},{"@type":"ListItem","position":2,"name":"Certificaci\u00f3 ISO"}]},{"@type":"WebSite","@id":"http:\/\/egm.es\/ca#website","url":"http:\/\/egm.es\/ca","name":"EGM","description":"Counicaci\u00f3n visual","potentialAction":[{"@type":"SearchAction","target":{"@type":"EntryPoint","urlTemplate":"http:\/\/egm.es\/ca?s={search_term_string}"},"query-input":{"@type":"PropertyValueSpecification","valueRequired":true,"valueName":"search_term_string"}}],"inLanguage":"ca"}]}},"_links":{"self":[{"href":"http:\/\/egm.es\/ca\/wp-json\/wp\/v2\/pages\/37878","targetHints":{"allow":["GET"]}}],"collection":[{"href":"http:\/\/egm.es\/ca\/wp-json\/wp\/v2\/pages"}],"about":[{"href":"http:\/\/egm.es\/ca\/wp-json\/wp\/v2\/types\/page"}],"author":[{"embeddable":true,"href":"http:\/\/egm.es\/ca\/wp-json\/wp\/v2\/users\/2"}],"replies":[{"embeddable":true,"href":"http:\/\/egm.es\/ca\/wp-json\/wp\/v2\/comments?post=37878"}],"version-history":[{"count":3,"href":"http:\/\/egm.es\/ca\/wp-json\/wp\/v2\/pages\/37878\/revisions"}],"predecessor-version":[{"id":37881,"href":"http:\/\/egm.es\/ca\/wp-json\/wp\/v2\/pages\/37878\/revisions\/37881"}],"wp:attachment":[{"href":"http:\/\/egm.es\/ca\/wp-json\/wp\/v2\/media?parent=37878"}],"curies":[{"name":"wp","href":"https:\/\/api.w.org\/{rel}","templated":true}]}}