{"id":37874,"date":"2024-05-23T09:26:53","date_gmt":"2024-05-23T09:26:53","guid":{"rendered":"https:\/\/egm4210.live-website.com\/rafael-vargas"},"modified":"2025-01-25T17:30:27","modified_gmt":"2025-01-25T17:30:27","slug":"rafael-vargas","status":"publish","type":"page","link":"http:\/\/egm.es\/ca\/rafael-vargas","title":{"rendered":"Rafael Vargas"},"content":{"rendered":"\n\t<div id=\"gap-460822436\" class=\"gap-element clearfix\" style=\"display:block; height:auto;\">\n\t\t\n<style>\n#gap-460822436 {\n  padding-top: 30px;\n}\n<\/style>\n\t<\/div>\n\t\n\n<div class=\"row\"  id=\"row-405792504\">\n\n\n\t<div id=\"col-1161131478\" class=\"col medium-6 small-12 large-6\"  >\n\t\t\t\t<div class=\"col-inner\"  >\n\t\t\t\n\t\t\t\n\n<h1 style=\"font-size: 3em;\"><strong>Rafael Vargas<\/strong><\/h1>\n<h3><strong>fot\u00f2graf<\/strong><\/h3>\n<p>Va iniciar els estudis de fotografia a Barcelona finalitzant la seva formaci\u00f3 acad\u00e8mica a Nova York a la School Of Visual Arts. Guanyador de premis LUX, LAUS y Grand Prix Kodak Picture.<\/p>\n<p>Algunes de les qualitats que han atribu\u00eft a la seva feina s\u00f3n el domini de la llum, els tons rics, la composici\u00f3, la seva capacitat per a la investigaci\u00f3 cont\u00ednua, la innovaci\u00f3 i l&#8217;experimentaci\u00f3 en el camp de la fotografia, i la intensitat, complexitat o eleg\u00e0ncia dels resultats.<\/p>\n<p><span style=\"color: #000000;\"><a style=\"color: #000000;\" href=\"https:\/\/rafaelvargas.com\" target=\"_blank\" rel=\"noopener\"><strong>rafaelvargas.com<\/strong><\/a><\/span><\/p>\n<div class=\"social-icons follow-icons\" ><a href=\"www.facebook.com\/rafaelvargasphoto\" target=\"_blank\" data-label=\"Facebook\" class=\"icon button circle is-outline facebook tooltip\" title=\"Seguiu-nos a Facebook\" aria-label=\"Seguiu-nos a Facebook\" rel=\"noopener nofollow\" ><i class=\"icon-facebook\" ><\/i><\/a><a href=\"https:\/\/www.instagram.com\/rafaelvargasphoto\" target=\"_blank\" data-label=\"Instagram\" class=\"icon button circle is-outline instagram tooltip\" title=\"Seguiu-nos a Instagram\" aria-label=\"Seguiu-nos a Instagram\" rel=\"noopener nofollow\" ><i class=\"icon-instagram\" ><\/i><\/a><a href=\"mailto:hello@rafaelvargas.com\" data-label=\"E-mail\" target=\"_blank\" class=\"icon button circle is-outline email tooltip\" title=\"Envia&#039;ns un email\" aria-label=\"Envia&#039;ns un email\" rel=\"nofollow noopener\" ><i class=\"icon-envelop\" ><\/i><\/a><\/div>\n\n\n\t\t<\/div>\n\t\t\t\t\t<\/div>\n\n\t\n\n\t<div id=\"col-427205557\" class=\"col medium-6 small-12 large-6\"  >\n\t\t\t\t<div class=\"col-inner\"  >\n\t\t\t\n\t\t\t\n\n\t<div class=\"img has-hover x md-x lg-x y md-y lg-y\" id=\"image_1165469998\">\n\t\t\t\t\t\t\t\t<div class=\"img-inner dark\" >\n\t\t\t<img loading=\"lazy\" decoding=\"async\" width=\"672\" height=\"672\" src=\"http:\/\/egm.es\/wp-content\/uploads\/2021\/07\/Rafael-Vargas-EGM-1.jpg\" class=\"attachment-large size-large\" alt=\"\" \/>\t\t\t\t\t\t\n\t\t\t\t\t<\/div>\n\t\t\t\t\t\t\t\t\n<style>\n#image_1165469998 {\n  width: 100%;\n}\n<\/style>\n\t<\/div>\n\t\n\n\n\t\t<\/div>\n\t\t\t\t\t<\/div>\n\n\t\n\n<\/div>\n\t<div id=\"gap-1004028356\" class=\"gap-element clearfix\" style=\"display:block; height:auto;\">\n\t\t\n<style>\n#gap-1004028356 {\n  padding-top: 30px;\n}\n<\/style>\n\t<\/div>\n\t\n\n<div class=\"row\"  id=\"row-33886335\">\n\n\n\t<div id=\"col-1096022545\" class=\"col small-12 large-12\"  >\n\t\t\t\t<div class=\"col-inner\"  >\n\t\t\t\n\t\t\t\n\n<h3 style=\"text-align: center;\"><strong>Obra fotogr\u00e0fica<br><\/strong><\/h3>\n\n\t\t<\/div>\n\t\t\t\t\t<\/div>\n\n\t\n\n<\/div>\n\t<div id=\"gap-1394435580\" class=\"gap-element clearfix\" style=\"display:block; height:auto;\">\n\t\t\n<style>\n#gap-1394435580 {\n  padding-top: 30px;\n}\n<\/style>\n\t<\/div>\n\t\n\n\n  \n    <div class=\"row large-columns-3 medium-columns- small-columns-1 slider row-slider slider-nav-reveal\"  data-flickity-options='{\"imagesLoaded\": true, \"groupCells\": \"100%\", \"dragThreshold\" : 5, \"cellAlign\": \"left\",\"wrapAround\": true,\"prevNextButtons\": true,\"percentPosition\": true,\"pageDots\": false, \"rightToLeft\": false, \"autoPlay\" : 3000}' >\n\n  <div class=\"gallery-col col\" >\n          <div class=\"col-inner\">\n            <a class=\"image-lightbox lightbox-gallery\" href=\"http:\/\/egm.es\/wp-content\/uploads\/2021\/07\/FACHADA-I-1024x683.jpg\" title=\"\">            <div class=\"box has-hover gallery-box box-overlay dark\">\n              <div class=\"box-image image-cover\" style=\"padding-top:100%;\">\n                <img loading=\"lazy\" decoding=\"async\" width=\"300\" height=\"200\" src=\"http:\/\/egm.es\/wp-content\/uploads\/2021\/07\/FACHADA-I-300x200.jpg\" class=\"attachment-medium size-medium\" alt=\"\" ids=\"22613,22614,22658,22659,22644,22645,22646,22647,22618,22619\" type=\"slider\" columns=\"3\" columns__sm=\"1\" auto_slide=\"3000\" image_height=\"100%\" \/>                                  <div class=\"overlay fill\"\n                      style=\"background-color: rgba(0,0,0,.15)\">\n                  <\/div>\n                                                              <\/div>\n              <div class=\"box-text text-left\" >\n                 <p><\/p>\n              <\/div>\n            <\/div>\n            <\/a>          <\/div>\n         <\/div><div class=\"gallery-col col\" >\n          <div class=\"col-inner\">\n            <a class=\"image-lightbox lightbox-gallery\" href=\"http:\/\/egm.es\/wp-content\/uploads\/2021\/07\/FACHADA-II-675x1024.jpg\" title=\"\">            <div class=\"box has-hover gallery-box box-overlay dark\">\n              <div class=\"box-image image-cover\" style=\"padding-top:100%;\">\n                <img loading=\"lazy\" decoding=\"async\" width=\"198\" height=\"300\" src=\"http:\/\/egm.es\/wp-content\/uploads\/2021\/07\/FACHADA-II-198x300.jpg\" class=\"attachment-medium size-medium\" alt=\"\" ids=\"22613,22614,22658,22659,22644,22645,22646,22647,22618,22619\" type=\"slider\" columns=\"3\" columns__sm=\"1\" auto_slide=\"3000\" image_height=\"100%\" \/>                                  <div class=\"overlay fill\"\n                      style=\"background-color: rgba(0,0,0,.15)\">\n                  <\/div>\n                                                              <\/div>\n              <div class=\"box-text text-left\" >\n                 <p><\/p>\n              <\/div>\n            <\/div>\n            <\/a>          <\/div>\n         <\/div><div class=\"gallery-col col\" >\n          <div class=\"col-inner\">\n            <a class=\"image-lightbox lightbox-gallery\" href=\"http:\/\/egm.es\/wp-content\/uploads\/2021\/07\/SIN-TITULO-I-757x1024.jpg\" title=\"\">            <div class=\"box has-hover gallery-box box-overlay dark\">\n              <div class=\"box-image image-cover\" style=\"padding-top:100%;\">\n                <img loading=\"lazy\" decoding=\"async\" width=\"222\" height=\"300\" src=\"http:\/\/egm.es\/wp-content\/uploads\/2021\/07\/SIN-TITULO-I-222x300.jpg\" class=\"attachment-medium size-medium\" alt=\"\" ids=\"22613,22614,22658,22659,22644,22645,22646,22647,22618,22619\" type=\"slider\" columns=\"3\" columns__sm=\"1\" auto_slide=\"3000\" image_height=\"100%\" \/>                                  <div class=\"overlay fill\"\n                      style=\"background-color: rgba(0,0,0,.15)\">\n                  <\/div>\n                                                              <\/div>\n              <div class=\"box-text text-left\" >\n                 <p><\/p>\n              <\/div>\n            <\/div>\n            <\/a>          <\/div>\n         <\/div><div class=\"gallery-col col\" >\n          <div class=\"col-inner\">\n            <a class=\"image-lightbox lightbox-gallery\" href=\"http:\/\/egm.es\/wp-content\/uploads\/2021\/07\/SIN-TITULO-II-1024x837.jpg\" title=\"\">            <div class=\"box has-hover gallery-box box-overlay dark\">\n              <div class=\"box-image image-cover\" style=\"padding-top:100%;\">\n                <img loading=\"lazy\" decoding=\"async\" width=\"300\" height=\"245\" src=\"http:\/\/egm.es\/wp-content\/uploads\/2021\/07\/SIN-TITULO-II-300x245.jpg\" class=\"attachment-medium size-medium\" alt=\"\" ids=\"22613,22614,22658,22659,22644,22645,22646,22647,22618,22619\" type=\"slider\" columns=\"3\" columns__sm=\"1\" auto_slide=\"3000\" image_height=\"100%\" \/>                                  <div class=\"overlay fill\"\n                      style=\"background-color: rgba(0,0,0,.15)\">\n                  <\/div>\n                                                              <\/div>\n              <div class=\"box-text text-left\" >\n                 <p><\/p>\n              <\/div>\n            <\/div>\n            <\/a>          <\/div>\n         <\/div><div class=\"gallery-col col\" >\n          <div class=\"col-inner\">\n            <a class=\"image-lightbox lightbox-gallery\" href=\"http:\/\/egm.es\/wp-content\/uploads\/2021\/07\/PEDRERA-I-1024x683.jpg\" title=\"\">            <div class=\"box has-hover gallery-box box-overlay dark\">\n              <div class=\"box-image image-cover\" style=\"padding-top:100%;\">\n                <img loading=\"lazy\" decoding=\"async\" width=\"300\" height=\"200\" src=\"http:\/\/egm.es\/wp-content\/uploads\/2021\/07\/PEDRERA-I-300x200.jpg\" class=\"attachment-medium size-medium\" alt=\"\" ids=\"22613,22614,22658,22659,22644,22645,22646,22647,22618,22619\" type=\"slider\" columns=\"3\" columns__sm=\"1\" auto_slide=\"3000\" image_height=\"100%\" \/>                                  <div class=\"overlay fill\"\n                      style=\"background-color: rgba(0,0,0,.15)\">\n                  <\/div>\n                                                              <\/div>\n              <div class=\"box-text text-left\" >\n                 <p><\/p>\n              <\/div>\n            <\/div>\n            <\/a>          <\/div>\n         <\/div><div class=\"gallery-col col\" >\n          <div class=\"col-inner\">\n            <a class=\"image-lightbox lightbox-gallery\" href=\"http:\/\/egm.es\/wp-content\/uploads\/2021\/07\/PEDRERA-II-1024x683.jpg\" title=\"\">            <div class=\"box has-hover gallery-box box-overlay dark\">\n              <div class=\"box-image image-cover\" style=\"padding-top:100%;\">\n                <img loading=\"lazy\" decoding=\"async\" width=\"300\" height=\"200\" src=\"http:\/\/egm.es\/wp-content\/uploads\/2021\/07\/PEDRERA-II-300x200.jpg\" class=\"attachment-medium size-medium\" alt=\"\" ids=\"22613,22614,22658,22659,22644,22645,22646,22647,22618,22619\" type=\"slider\" columns=\"3\" columns__sm=\"1\" auto_slide=\"3000\" image_height=\"100%\" \/>                                  <div class=\"overlay fill\"\n                      style=\"background-color: rgba(0,0,0,.15)\">\n                  <\/div>\n                                                              <\/div>\n              <div class=\"box-text text-left\" >\n                 <p><\/p>\n              <\/div>\n            <\/div>\n            <\/a>          <\/div>\n         <\/div><div class=\"gallery-col col\" >\n          <div class=\"col-inner\">\n            <a class=\"image-lightbox lightbox-gallery\" href=\"http:\/\/egm.es\/wp-content\/uploads\/2021\/07\/PEDRERA-III-1024x549.jpg\" title=\"\">            <div class=\"box has-hover gallery-box box-overlay dark\">\n              <div class=\"box-image image-cover\" style=\"padding-top:100%;\">\n                <img loading=\"lazy\" decoding=\"async\" width=\"300\" height=\"161\" src=\"http:\/\/egm.es\/wp-content\/uploads\/2021\/07\/PEDRERA-III-300x161.jpg\" class=\"attachment-medium size-medium\" alt=\"\" ids=\"22613,22614,22658,22659,22644,22645,22646,22647,22618,22619\" type=\"slider\" columns=\"3\" columns__sm=\"1\" auto_slide=\"3000\" image_height=\"100%\" \/>                                  <div class=\"overlay fill\"\n                      style=\"background-color: rgba(0,0,0,.15)\">\n                  <\/div>\n                                                              <\/div>\n              <div class=\"box-text text-left\" >\n                 <p><\/p>\n              <\/div>\n            <\/div>\n            <\/a>          <\/div>\n         <\/div><div class=\"gallery-col col\" >\n          <div class=\"col-inner\">\n            <a class=\"image-lightbox lightbox-gallery\" href=\"http:\/\/egm.es\/wp-content\/uploads\/2021\/07\/PEDRERA-IV-1024x683.jpg\" title=\"\">            <div class=\"box has-hover gallery-box box-overlay dark\">\n              <div class=\"box-image image-cover\" style=\"padding-top:100%;\">\n                <img loading=\"lazy\" decoding=\"async\" width=\"300\" height=\"200\" src=\"http:\/\/egm.es\/wp-content\/uploads\/2021\/07\/PEDRERA-IV-300x200.jpg\" class=\"attachment-medium size-medium\" alt=\"\" ids=\"22613,22614,22658,22659,22644,22645,22646,22647,22618,22619\" type=\"slider\" columns=\"3\" columns__sm=\"1\" auto_slide=\"3000\" image_height=\"100%\" \/>                                  <div class=\"overlay fill\"\n                      style=\"background-color: rgba(0,0,0,.15)\">\n                  <\/div>\n                                                              <\/div>\n              <div class=\"box-text text-left\" >\n                 <p><\/p>\n              <\/div>\n            <\/div>\n            <\/a>          <\/div>\n         <\/div><div class=\"gallery-col col\" >\n          <div class=\"col-inner\">\n            <a class=\"image-lightbox lightbox-gallery\" href=\"http:\/\/egm.es\/wp-content\/uploads\/2021\/07\/GCAMNG-I-1024x699.jpg\" title=\"\">            <div class=\"box has-hover gallery-box box-overlay dark\">\n              <div class=\"box-image image-cover\" style=\"padding-top:100%;\">\n                <img loading=\"lazy\" decoding=\"async\" width=\"300\" height=\"205\" src=\"http:\/\/egm.es\/wp-content\/uploads\/2021\/07\/GCAMNG-I-300x205.jpg\" class=\"attachment-medium size-medium\" alt=\"\" ids=\"22613,22614,22658,22659,22644,22645,22646,22647,22618,22619\" type=\"slider\" columns=\"3\" columns__sm=\"1\" auto_slide=\"3000\" image_height=\"100%\" \/>                                  <div class=\"overlay fill\"\n                      style=\"background-color: rgba(0,0,0,.15)\">\n                  <\/div>\n                                                              <\/div>\n              <div class=\"box-text text-left\" >\n                 <p><\/p>\n              <\/div>\n            <\/div>\n            <\/a>          <\/div>\n         <\/div><div class=\"gallery-col col\" >\n          <div class=\"col-inner\">\n            <a class=\"image-lightbox lightbox-gallery\" href=\"http:\/\/egm.es\/wp-content\/uploads\/2021\/07\/GCAMNG-II-1024x670.jpg\" title=\"\">            <div class=\"box has-hover gallery-box box-overlay dark\">\n              <div class=\"box-image image-cover\" style=\"padding-top:100%;\">\n                <img loading=\"lazy\" decoding=\"async\" width=\"300\" height=\"196\" src=\"http:\/\/egm.es\/wp-content\/uploads\/2021\/07\/GCAMNG-II-300x196.jpg\" class=\"attachment-medium size-medium\" alt=\"\" ids=\"22613,22614,22658,22659,22644,22645,22646,22647,22618,22619\" type=\"slider\" columns=\"3\" columns__sm=\"1\" auto_slide=\"3000\" image_height=\"100%\" \/>                                  <div class=\"overlay fill\"\n                      style=\"background-color: rgba(0,0,0,.15)\">\n                  <\/div>\n                                                              <\/div>\n              <div class=\"box-text text-left\" >\n                 <p><\/p>\n              <\/div>\n            <\/div>\n            <\/a>          <\/div>\n         <\/div><\/div>\n\n\t<div id=\"gap-1128064671\" class=\"gap-element clearfix\" style=\"display:block; height:auto;\">\n\t\t\n<style>\n#gap-1128064671 {\n  padding-top: 30px;\n}\n<\/style>\n\t<\/div>\n\t\n\n<div class=\"row\"  id=\"row-1219769439\">\n\n\n\t<div id=\"col-1876571982\" class=\"col small-12 large-12\"  >\n\t\t\t\t<div class=\"col-inner text-center\"  >\n\t\t\t\n\t\t\t\n\n<a href=\"https:\/\/egm.es\/expo-gallery\" class=\"button primary is-outline lowercase\"  style=\"border-radius:6px;\">\n    <span>Expo Gallery<\/span>\n  <\/a>\n\n\n\n\t\t<\/div>\n\t\t\t\t\t<\/div>\n\n\t\n\n<\/div>\n\n","protected":false},"excerpt":{"rendered":"","protected":false},"author":2,"featured_media":0,"parent":0,"menu_order":0,"comment_status":"closed","ping_status":"closed","template":"","meta":{"footnotes":""},"class_list":["post-37874","page","type-page","status-publish","hentry"],"yoast_head":"<!-- This site is optimized with the Yoast SEO plugin v27.3 - https:\/\/yoast.com\/product\/yoast-seo-wordpress\/ -->\n<title>Rafael Vargas - EGM<\/title>\n<meta name=\"robots\" content=\"index, follow, max-snippet:-1, max-image-preview:large, max-video-preview:-1\" \/>\n<link rel=\"canonical\" href=\"http:\/\/egm.es\/ca\/rafael-vargas\" \/>\n<meta property=\"og:locale\" content=\"ca_ES\" \/>\n<meta property=\"og:type\" content=\"article\" \/>\n<meta property=\"og:title\" content=\"Rafael Vargas - EGM\" \/>\n<meta property=\"og:url\" content=\"http:\/\/egm.es\/ca\/rafael-vargas\" \/>\n<meta property=\"og:site_name\" content=\"EGM\" \/>\n<meta property=\"article:modified_time\" content=\"2025-01-25T17:30:27+00:00\" \/>\n<meta name=\"twitter:card\" content=\"summary_large_image\" \/>\n<meta name=\"twitter:label1\" content=\"Temps estimat de lectura\" \/>\n\t<meta name=\"twitter:data1\" content=\"1 minut\" \/>\n<script type=\"application\/ld+json\" class=\"yoast-schema-graph\">{\"@context\":\"https:\\\/\\\/schema.org\",\"@graph\":[{\"@type\":\"WebPage\",\"@id\":\"http:\\\/\\\/egm.es\\\/ca\\\/rafael-vargas\",\"url\":\"http:\\\/\\\/egm.es\\\/ca\\\/rafael-vargas\",\"name\":\"Rafael Vargas - EGM\",\"isPartOf\":{\"@id\":\"http:\\\/\\\/www3.egm.es\\\/ca#website\"},\"datePublished\":\"2024-05-23T09:26:53+00:00\",\"dateModified\":\"2025-01-25T17:30:27+00:00\",\"breadcrumb\":{\"@id\":\"http:\\\/\\\/egm.es\\\/ca\\\/rafael-vargas#breadcrumb\"},\"inLanguage\":\"ca\",\"potentialAction\":[{\"@type\":\"ReadAction\",\"target\":[\"http:\\\/\\\/egm.es\\\/ca\\\/rafael-vargas\"]}]},{\"@type\":\"BreadcrumbList\",\"@id\":\"http:\\\/\\\/egm.es\\\/ca\\\/rafael-vargas#breadcrumb\",\"itemListElement\":[{\"@type\":\"ListItem\",\"position\":1,\"name\":\"Portada\",\"item\":\"https:\\\/\\\/egm.es\\\/ca\"},{\"@type\":\"ListItem\",\"position\":2,\"name\":\"Rafael Vargas\"}]},{\"@type\":\"WebSite\",\"@id\":\"http:\\\/\\\/www3.egm.es\\\/ca#website\",\"url\":\"http:\\\/\\\/www3.egm.es\\\/ca\",\"name\":\"EGM\",\"description\":\"Counicaci\u00f3n visual\",\"potentialAction\":[{\"@type\":\"SearchAction\",\"target\":{\"@type\":\"EntryPoint\",\"urlTemplate\":\"http:\\\/\\\/www3.egm.es\\\/ca?s={search_term_string}\"},\"query-input\":{\"@type\":\"PropertyValueSpecification\",\"valueRequired\":true,\"valueName\":\"search_term_string\"}}],\"inLanguage\":\"ca\"}]}<\/script>\n<!-- \/ Yoast SEO plugin. -->","yoast_head_json":{"title":"Rafael Vargas - EGM","robots":{"index":"index","follow":"follow","max-snippet":"max-snippet:-1","max-image-preview":"max-image-preview:large","max-video-preview":"max-video-preview:-1"},"canonical":"http:\/\/egm.es\/ca\/rafael-vargas","og_locale":"ca_ES","og_type":"article","og_title":"Rafael Vargas - EGM","og_url":"http:\/\/egm.es\/ca\/rafael-vargas","og_site_name":"EGM","article_modified_time":"2025-01-25T17:30:27+00:00","twitter_card":"summary_large_image","twitter_misc":{"Temps estimat de lectura":"1 minut"},"schema":{"@context":"https:\/\/schema.org","@graph":[{"@type":"WebPage","@id":"http:\/\/egm.es\/ca\/rafael-vargas","url":"http:\/\/egm.es\/ca\/rafael-vargas","name":"Rafael Vargas - EGM","isPartOf":{"@id":"http:\/\/www3.egm.es\/ca#website"},"datePublished":"2024-05-23T09:26:53+00:00","dateModified":"2025-01-25T17:30:27+00:00","breadcrumb":{"@id":"http:\/\/egm.es\/ca\/rafael-vargas#breadcrumb"},"inLanguage":"ca","potentialAction":[{"@type":"ReadAction","target":["http:\/\/egm.es\/ca\/rafael-vargas"]}]},{"@type":"BreadcrumbList","@id":"http:\/\/egm.es\/ca\/rafael-vargas#breadcrumb","itemListElement":[{"@type":"ListItem","position":1,"name":"Portada","item":"https:\/\/egm.es\/ca"},{"@type":"ListItem","position":2,"name":"Rafael Vargas"}]},{"@type":"WebSite","@id":"http:\/\/www3.egm.es\/ca#website","url":"http:\/\/www3.egm.es\/ca","name":"EGM","description":"Counicaci\u00f3n visual","potentialAction":[{"@type":"SearchAction","target":{"@type":"EntryPoint","urlTemplate":"http:\/\/www3.egm.es\/ca?s={search_term_string}"},"query-input":{"@type":"PropertyValueSpecification","valueRequired":true,"valueName":"search_term_string"}}],"inLanguage":"ca"}]}},"_links":{"self":[{"href":"http:\/\/egm.es\/ca\/wp-json\/wp\/v2\/pages\/37874","targetHints":{"allow":["GET"]}}],"collection":[{"href":"http:\/\/egm.es\/ca\/wp-json\/wp\/v2\/pages"}],"about":[{"href":"http:\/\/egm.es\/ca\/wp-json\/wp\/v2\/types\/page"}],"author":[{"embeddable":true,"href":"http:\/\/egm.es\/ca\/wp-json\/wp\/v2\/users\/2"}],"replies":[{"embeddable":true,"href":"http:\/\/egm.es\/ca\/wp-json\/wp\/v2\/comments?post=37874"}],"version-history":[{"count":3,"href":"http:\/\/egm.es\/ca\/wp-json\/wp\/v2\/pages\/37874\/revisions"}],"predecessor-version":[{"id":37907,"href":"http:\/\/egm.es\/ca\/wp-json\/wp\/v2\/pages\/37874\/revisions\/37907"}],"wp:attachment":[{"href":"http:\/\/egm.es\/ca\/wp-json\/wp\/v2\/media?parent=37874"}],"curies":[{"name":"wp","href":"https:\/\/api.w.org\/{rel}","templated":true}]}}