{"id":37860,"date":"2024-05-22T10:30:19","date_gmt":"2024-05-22T10:30:19","guid":{"rendered":"https:\/\/egm4210.live-website.com\/impressio-digital"},"modified":"2025-01-23T11:56:23","modified_gmt":"2025-01-23T11:56:23","slug":"impressio-digital","status":"publish","type":"page","link":"http:\/\/egm.es\/ca\/impressio-digital","title":{"rendered":"Impressi\u00f3 Digital"},"content":{"rendered":"\n<div class=\"row\"  id=\"row-1993096714\">\n\n\n\t<div id=\"col-721510649\" class=\"col medium-4 small-12 large-4\"  >\n\t\t\t\t<div class=\"col-inner\"  >\n\t\t\t\n\t\t\t\n\n\n  <div class=\"banner has-hover bg-overlay-add bg-zoom\" id=\"banner-572387921\">\n          <div class=\"banner-inner fill\">\n        <div class=\"banner-bg fill\" >\n            <div class=\"bg fill bg-fill \"><\/div>\n                        <div class=\"overlay\"><\/div>            \n                    <\/div>\n\t\t\n        <div class=\"banner-layers container\">\n            <a class=\"fill\" href=\"#la-imagen-y-el-color\" ><div class=\"fill banner-link\"><\/div><\/a>            \n\n   <div id=\"text-box-1758846996\" class=\"text-box banner-layer x50 md-x50 lg-x50 y90 md-y90 lg-y90 res-text\">\n       <div class=\"hover-bounce\">                         <div class=\"text-box-content text dark\">\n              \n              <div class=\"text-inner text-center\">\n                  \n\n<p><a href=\"#la-imagen-y-el-color\"><\/p>\n<h3 class=\"uppercase\" style=\"text-align: left;\">LA <strong>IMATGE<\/strong> I EL <strong>COLOR<\/strong><\/h3>\n<p><\/a><\/p>\n\n              <\/div>\n           <\/div>\n                     <\/div>       \n<style>\n#text-box-1758846996 {\n  width: 88%;\n}\n#text-box-1758846996 .text-box-content {\n  font-size: 100%;\n}\n<\/style>\n    <\/div>\n \n\n        <\/div>\n      <\/div>\n\n            \n<style>\n#banner-572387921 {\n  padding-top: 99.99%;\n}\n#banner-572387921 .bg.bg-loaded {\n  background-image: url(http:\/\/egm.es\/wp-content\/uploads\/2021\/06\/LA-IMAGEN-Y-EL-COLOR.jpg);\n}\n#banner-572387921 .overlay {\n  background-color: rgba(229, 6, 23, 0.785);\n}\n<\/style>\n  <\/div>\n\n\n\n\t\t<\/div>\n\t\t\t\t\t<\/div>\n\n\t\n\n\t<div id=\"col-2128463983\" class=\"col medium-4 small-12 large-4\"  >\n\t\t\t\t<div class=\"col-inner\"  >\n\t\t\t\n\t\t\t\n\n\n  <div class=\"banner has-hover bg-overlay-add bg-zoom\" id=\"banner-1720045983\">\n          <div class=\"banner-inner fill\">\n        <div class=\"banner-bg fill\" >\n            <div class=\"bg fill bg-fill \"><\/div>\n                        <div class=\"overlay\"><\/div>            \n                    <\/div>\n\t\t\n        <div class=\"banner-layers container\">\n            <a class=\"fill\" href=\"#imprime-lo-que-quieras-donde-quieras\" ><div class=\"fill banner-link\"><\/div><\/a>            \n\n   <div id=\"text-box-338333245\" class=\"text-box banner-layer x50 md-x50 lg-x50 y90 md-y90 lg-y90 res-text\">\n       <div class=\"hover-bounce\">                         <div class=\"text-box-content text dark\">\n              \n              <div class=\"text-inner text-center\">\n                  \n\n<p><a href=\"#imprime-lo-que-quieras-donde-quieras\"><\/p>\n<h3 class=\"uppercase\" style=\"text-align: left;\">IMPRIMEIX <strong>EL QUE VULGUIS<\/strong> ON VULGUIS<\/h3>\n<p><\/a><\/p>\n\n              <\/div>\n           <\/div>\n                     <\/div>       \n<style>\n#text-box-338333245 {\n  width: 88%;\n}\n#text-box-338333245 .text-box-content {\n  font-size: 100%;\n}\n<\/style>\n    <\/div>\n \n\n        <\/div>\n      <\/div>\n\n            \n<style>\n#banner-1720045983 {\n  padding-top: 99.99%;\n}\n#banner-1720045983 .bg.bg-loaded {\n  background-image: url(http:\/\/egm.es\/wp-content\/uploads\/2021\/06\/IMPRIME-LO-QUE-QUIERAS-DONDE-QUIERAS-2.2.jpg);\n}\n#banner-1720045983 .overlay {\n  background-color: rgba(229, 6, 23, 0.785);\n}\n<\/style>\n  <\/div>\n\n\n\n\t\t<\/div>\n\t\t\t\t\t<\/div>\n\n\t\n\n\t<div id=\"col-727401756\" class=\"col medium-4 small-12 large-4\"  >\n\t\t\t\t<div class=\"col-inner\"  >\n\t\t\t\n\t\t\t\n\n\n  <div class=\"banner has-hover bg-overlay-add bg-zoom\" id=\"banner-1214051330\">\n          <div class=\"banner-inner fill\">\n        <div class=\"banner-bg fill\" >\n            <div class=\"bg fill bg-fill \"><\/div>\n                        <div class=\"overlay\"><\/div>            \n                    <\/div>\n\t\t\n        <div class=\"banner-layers container\">\n            <a class=\"fill\" href=\"#damos-forma-a-tus-proyectos\" ><div class=\"fill banner-link\"><\/div><\/a>            \n\n   <div id=\"text-box-2030519458\" class=\"text-box banner-layer x50 md-x50 lg-x50 y90 md-y90 lg-y90 res-text\">\n       <div class=\"hover-bounce\">                         <div class=\"text-box-content text dark\">\n              \n              <div class=\"text-inner text-center\">\n                  \n\n<p><a href=\"#damos-forma-a-tus-proyectos\"><\/p>\n<h3 class=\"uppercase\" style=\"text-align: left;\">DONEM <strong>FORMA<\/strong> ALS TEUS <strong>PROJECTES<\/strong><\/h3>\n<p><\/a><\/p>\n\n              <\/div>\n           <\/div>\n                     <\/div>       \n<style>\n#text-box-2030519458 {\n  width: 88%;\n}\n#text-box-2030519458 .text-box-content {\n  font-size: 100%;\n}\n<\/style>\n    <\/div>\n \n\n        <\/div>\n      <\/div>\n\n            \n<style>\n#banner-1214051330 {\n  padding-top: 99.99%;\n}\n#banner-1214051330 .bg.bg-loaded {\n  background-image: url(http:\/\/egm.es\/wp-content\/uploads\/2021\/05\/DAMOS-FORMA-A-TUS-PROYECTOS.jpg);\n}\n#banner-1214051330 .overlay {\n  background-color: rgba(229, 6, 23, 0.785);\n}\n<\/style>\n  <\/div>\n\n\n\n\t\t<\/div>\n\t\t\t\t\t<\/div>\n\n\t\n\n<\/div>\n\t<section class=\"section\" id=\"section_1912183180\">\n\t\t<div class=\"bg section-bg fill bg-fill  bg-loaded\" >\n\n\t\t\t\n\t\t\t\n\t\t\t\n\n\t\t<\/div>\n\n\t\t\n\n\t\t<div class=\"section-content relative\">\n\t\t\t\n\n<div class=\"row\"  id=\"row-1360992544\">\n\n\n\t<div id=\"col-1197678026\" class=\"col small-12 large-12\"  >\n\t\t\t\t<div class=\"col-inner\"  >\n\t\t\t\n\t\t\t\n\n\t<div id=\"gap-1888153030\" class=\"gap-element clearfix\" style=\"display:block; height:auto;\">\n\t\t\n<style>\n#gap-1888153030 {\n  padding-top: 30px;\n}\n<\/style>\n\t<\/div>\n\t\n\n<h1 style=\"text-align: center;\"><strong>IMPRESSI\u00d3 DIGITAL<\/strong><\/h1>\n<p style=\"text-align: center;\">La impressi\u00f3 digital a EGM \u00e9s part fonamental del nostre portfoli de serveis. La qualitat en el tractament de la imatge i la fidelitat del color forma part del nostre ADN. Podem imprimir sobre una \u00e0mplia varietat de materials i donar forma a projectes de comunicaci\u00f3 visual.  <\/p>\n\n\t\t<\/div>\n\t\t\t\t\n<style>\n#col-1197678026 > .col-inner {\n  margin: -20px 0px -20px 0px;\n}\n<\/style>\n\t<\/div>\n\n\t\n\n<\/div>\n<span class=\"scroll-to\" data-label=\"Scroll to: #la-imagen-y-el-color\" data-bullet=\"false\" data-link=\"#la-imagen-y-el-color\" data-title=\"la-imagen-y-el-color\" ><a name=\"la-imagen-y-el-color\"><\/a><\/span>\n\n\n\t\t<\/div>\n\n\t\t\n<style>\n#section_1912183180 {\n  padding-top: 0px;\n  padding-bottom: 0px;\n}\n<\/style>\n\t<\/section>\n\t\n<div class=\"row\"  id=\"row-1179572478\">\n\n\n\t<div id=\"col-1875500316\" class=\"col medium-4 small-12 large-4\"  data-animate=\"fadeInLeft\">\n\t\t\t\t<div class=\"col-inner text-left\"  >\n\t\t\t\n\t\t\t\n\n\t<div id=\"text-3023526873\" class=\"text\">\n\t\t\n\n<h2><strong>La imatge i el color<\/strong><\/h2>\n<p>La perfecci\u00f3 de la captura, la definici\u00f3 de les textures i la fidelitat a la reproducci\u00f3 del color.<\/p>\n\t\t\n<style>\n#text-3023526873 {\n  text-align: left;\n}\n<\/style>\n\t<\/div>\n\t\n<a href=\"https:\/\/egm.es\/la-imagen-y-el-color\" class=\"button primary is-outline lowercase\"  style=\"border-radius:5px;padding:0.3em 1.8em 0.3em 1.8em;\">\n    <span>+ Informaci\u00f3<\/span>\n  <\/a>\n\n\n\n\t\t<\/div>\n\t\t\t\t\n<style>\n#col-1875500316 > .col-inner {\n  padding: 90px 0px 0px 0px;\n}\n<\/style>\n\t<\/div>\n\n\t\n\n\t<div id=\"col-1511035193\" class=\"col medium-8 small-12 large-8\"  data-animate=\"fadeInRight\">\n\t\t\t\t<div class=\"col-inner\"  >\n\t\t\t\n\t\t\t\n\n\t<div class=\"img has-hover x md-x lg-x y md-y lg-y\" id=\"image_1930973349\">\n\t\t\t\t\t\t\t\t<div class=\"img-inner box-shadow-3 dark\" >\n\t\t\t<img loading=\"lazy\" decoding=\"async\" width=\"1020\" height=\"524\" src=\"http:\/\/egm.es\/wp-content\/uploads\/2021\/06\/LA-IMAGEN-I-EL-COLOR-2.jpg\" class=\"attachment-large size-large\" alt=\"\" \/>\t\t\t\t\t\t\n\t\t\t\t\t<\/div>\n\t\t\t\t\t\t\t\t\n<style>\n#image_1930973349 {\n  width: 100%;\n}\n<\/style>\n\t<\/div>\n\t\n\n\n\t\t<\/div>\n\t\t\t\t\t<\/div>\n\n\t\n\n<\/div>\n<span class=\"scroll-to\" data-label=\"Scroll to: #imprime-lo-que-quieras-donde-quieras\" data-bullet=\"false\" data-link=\"#imprime-lo-que-quieras-donde-quieras\" data-title=\"imprime-lo-que-quieras-donde-quieras\" ><a name=\"imprime-lo-que-quieras-donde-quieras\"><\/a><\/span>\n\n\t<div id=\"gap-1116781321\" class=\"gap-element clearfix\" style=\"display:block; height:auto;\">\n\t\t\n<style>\n#gap-1116781321 {\n  padding-top: 60px;\n}\n<\/style>\n\t<\/div>\n\t\n\n<div class=\"row\"  id=\"row-2120349589\">\n\n\n\t<div id=\"col-767448646\" class=\"col medium-8 small-12 large-8\"  data-animate=\"fadeInRight\">\n\t\t\t\t<div class=\"col-inner\"  >\n\t\t\t\n\t\t\t\n\n\t<div class=\"img has-hover x md-x lg-x y md-y lg-y\" id=\"image_346012890\">\n\t\t\t\t\t\t\t\t<div class=\"img-inner box-shadow-3 dark\" >\n\t\t\t<img loading=\"lazy\" decoding=\"async\" width=\"1020\" height=\"524\" src=\"http:\/\/egm.es\/wp-content\/uploads\/2021\/06\/IMPRIME-LO-QUE-QUIERAS-DONDE-QUIERAS-2.2.jpg\" class=\"attachment-large size-large\" alt=\"\" \/>\t\t\t\t\t\t\n\t\t\t\t\t<\/div>\n\t\t\t\t\t\t\t\t\n<style>\n#image_346012890 {\n  width: 100%;\n}\n<\/style>\n\t<\/div>\n\t\n\n\n\t\t<\/div>\n\t\t\t\t\t<\/div>\n\n\t\n\n\t<div id=\"col-744634814\" class=\"col medium-4 small-12 large-4\"  data-animate=\"fadeInLeft\">\n\t\t\t\t<div class=\"col-inner text-left\"  >\n\t\t\t\n\t\t\t\n\n\t<div id=\"text-3793036324\" class=\"text\">\n\t\t\n\n<h2><strong>Imprimeix el que vulguis, on vulguis<\/strong><\/h2>\n<p>Sobre qualsevol superf\u00edcie: r\u00edgida o flexible, en materials transl\u00facids o transparents, sobre fusta, pell, llen\u00e7os, ferro, coure, alumini, cer\u00e0mica,<br> vinils, t\u00e8xtils, \u2026<\/p>\n\t\t\n<style>\n#text-3793036324 {\n  text-align: left;\n}\n<\/style>\n\t<\/div>\n\t\n<a href=\"https:\/\/egm.es\/imprime-lo-que-quieras-donde-quieras\" class=\"button primary is-outline lowercase\"  style=\"border-radius:5px;padding:0.3em 1.8em 0.3em 1.8em;\">\n    <span>+ Informaci\u00f3<\/span>\n  <\/a>\n\n\n\n\t\t<\/div>\n\t\t\t\t\n<style>\n#col-744634814 > .col-inner {\n  padding: 70px 0px 0px 0px;\n}\n<\/style>\n\t<\/div>\n\n\t\n\n<\/div>\n<span class=\"scroll-to\" data-label=\"Scroll to: #damos-forma-a-tus-proyectos\" data-bullet=\"false\" data-link=\"#damos-forma-a-tus-proyectos\" data-title=\"damos-forma-a-tus-proyectos\" ><a name=\"damos-forma-a-tus-proyectos\"><\/a><\/span>\n\n\t<div id=\"gap-118216326\" class=\"gap-element clearfix\" style=\"display:block; height:auto;\">\n\t\t\n<style>\n#gap-118216326 {\n  padding-top: 60px;\n}\n<\/style>\n\t<\/div>\n\t\n\n<div class=\"row\"  id=\"row-1106972722\">\n\n\n\t<div id=\"col-1625305216\" class=\"col medium-4 small-12 large-4\"  data-animate=\"fadeInLeft\">\n\t\t\t\t<div class=\"col-inner text-left\"  >\n\t\t\t\n\t\t\t\n\n\t<div id=\"text-3115176952\" class=\"text\">\n\t\t\n\n<h2><strong>Donem forma als teus projectes<\/strong><\/h2>\n<p>Fem possible qualsevol espai que et puguis imaginar. Dissenyem, produ\u00efm i instal\u00b7lem els teus projectes de comunicaci\u00f3 visual. <\/p>\n\t\t\n<style>\n#text-3115176952 {\n  text-align: left;\n}\n<\/style>\n\t<\/div>\n\t\n<a href=\"https:\/\/egm.es\/proyectos-de-comunicacion\" class=\"button primary is-outline lowercase\"  style=\"border-radius:5px;padding:0.3em 1.8em 0.3em 1.8em;\">\n    <span>+ Informaci\u00f3<\/span>\n  <\/a>\n\n\n\n\t\t<\/div>\n\t\t\t\t\n<style>\n#col-1625305216 > .col-inner {\n  padding: 90px 0px 0px 0px;\n}\n<\/style>\n\t<\/div>\n\n\t\n\n\t<div id=\"col-1063950651\" class=\"col medium-8 small-12 large-8\"  data-animate=\"fadeInRight\">\n\t\t\t\t<div class=\"col-inner\"  >\n\t\t\t\n\t\t\t\n\n\t<div class=\"img has-hover x md-x lg-x y md-y lg-y\" id=\"image_879840008\">\n\t\t\t\t\t\t\t\t<div class=\"img-inner box-shadow-3 dark\" >\n\t\t\t<img loading=\"lazy\" decoding=\"async\" width=\"1020\" height=\"524\" src=\"http:\/\/egm.es\/wp-content\/uploads\/2021\/06\/DAMOS-FORMA-A-TUS-PROYECTOS-2.jpg\" class=\"attachment-large size-large\" alt=\"\" \/>\t\t\t\t\t\t\n\t\t\t\t\t<\/div>\n\t\t\t\t\t\t\t\t\n<style>\n#image_879840008 {\n  width: 100%;\n}\n<\/style>\n\t<\/div>\n\t\n\n\n\t\t<\/div>\n\t\t\t\t\t<\/div>\n\n\t\n\n<\/div>\n\n","protected":false},"excerpt":{"rendered":"","protected":false},"author":2,"featured_media":0,"parent":0,"menu_order":0,"comment_status":"closed","ping_status":"closed","template":"","meta":{"footnotes":""},"class_list":["post-37860","page","type-page","status-publish","hentry"],"yoast_head":"<!-- This site is optimized with the Yoast SEO plugin v27.3 - https:\/\/yoast.com\/product\/yoast-seo-wordpress\/ -->\n<title>Impressi\u00f3 Digital - EGM<\/title>\n<meta name=\"description\" content=\"Impressi\u00f3 digital. M\u00e0xima qualitat en el tractament de la imatge i la fidelitat del color, en la impressi\u00f3 i en la instal\u00b7laci\u00f3 de projectes.\" \/>\n<meta name=\"robots\" content=\"index, follow, max-snippet:-1, max-image-preview:large, max-video-preview:-1\" \/>\n<link rel=\"canonical\" href=\"http:\/\/egm.es\/ca\/impressio-digital\" \/>\n<meta property=\"og:locale\" content=\"ca_ES\" \/>\n<meta property=\"og:type\" content=\"article\" \/>\n<meta property=\"og:title\" content=\"Impressi\u00f3 Digital - EGM\" \/>\n<meta property=\"og:description\" content=\"Impressi\u00f3 digital. M\u00e0xima qualitat en el tractament de la imatge i la fidelitat del color, en la impressi\u00f3 i en la instal\u00b7laci\u00f3 de projectes.\" \/>\n<meta property=\"og:url\" content=\"http:\/\/egm.es\/ca\/impressio-digital\" \/>\n<meta property=\"og:site_name\" content=\"EGM\" \/>\n<meta property=\"article:modified_time\" content=\"2025-01-23T11:56:23+00:00\" \/>\n<meta name=\"twitter:card\" content=\"summary_large_image\" \/>\n<meta name=\"twitter:label1\" content=\"Temps estimat de lectura\" \/>\n\t<meta name=\"twitter:data1\" content=\"2 minuts\" \/>\n<script type=\"application\/ld+json\" class=\"yoast-schema-graph\">{\"@context\":\"https:\\\/\\\/schema.org\",\"@graph\":[{\"@type\":\"WebPage\",\"@id\":\"http:\\\/\\\/egm.es\\\/ca\\\/impressio-digital\",\"url\":\"http:\\\/\\\/egm.es\\\/ca\\\/impressio-digital\",\"name\":\"Impressi\u00f3 Digital - EGM\",\"isPartOf\":{\"@id\":\"http:\\\/\\\/egm.es\\\/ca#website\"},\"datePublished\":\"2024-05-22T10:30:19+00:00\",\"dateModified\":\"2025-01-23T11:56:23+00:00\",\"description\":\"Impressi\u00f3 digital. M\u00e0xima qualitat en el tractament de la imatge i la fidelitat del color, en la impressi\u00f3 i en la instal\u00b7laci\u00f3 de projectes.\",\"breadcrumb\":{\"@id\":\"http:\\\/\\\/egm.es\\\/ca\\\/impressio-digital#breadcrumb\"},\"inLanguage\":\"ca\",\"potentialAction\":[{\"@type\":\"ReadAction\",\"target\":[\"http:\\\/\\\/egm.es\\\/ca\\\/impressio-digital\"]}]},{\"@type\":\"BreadcrumbList\",\"@id\":\"http:\\\/\\\/egm.es\\\/ca\\\/impressio-digital#breadcrumb\",\"itemListElement\":[{\"@type\":\"ListItem\",\"position\":1,\"name\":\"Portada\",\"item\":\"http:\\\/\\\/www2.egm.es\\\/ca\"},{\"@type\":\"ListItem\",\"position\":2,\"name\":\"Impressi\u00f3 Digital\"}]},{\"@type\":\"WebSite\",\"@id\":\"http:\\\/\\\/egm.es\\\/ca#website\",\"url\":\"http:\\\/\\\/egm.es\\\/ca\",\"name\":\"EGM\",\"description\":\"Counicaci\u00f3n visual\",\"potentialAction\":[{\"@type\":\"SearchAction\",\"target\":{\"@type\":\"EntryPoint\",\"urlTemplate\":\"http:\\\/\\\/egm.es\\\/ca?s={search_term_string}\"},\"query-input\":{\"@type\":\"PropertyValueSpecification\",\"valueRequired\":true,\"valueName\":\"search_term_string\"}}],\"inLanguage\":\"ca\"}]}<\/script>\n<!-- \/ Yoast SEO plugin. -->","yoast_head_json":{"title":"Impressi\u00f3 Digital - EGM","description":"Impressi\u00f3 digital. M\u00e0xima qualitat en el tractament de la imatge i la fidelitat del color, en la impressi\u00f3 i en la instal\u00b7laci\u00f3 de projectes.","robots":{"index":"index","follow":"follow","max-snippet":"max-snippet:-1","max-image-preview":"max-image-preview:large","max-video-preview":"max-video-preview:-1"},"canonical":"http:\/\/egm.es\/ca\/impressio-digital","og_locale":"ca_ES","og_type":"article","og_title":"Impressi\u00f3 Digital - EGM","og_description":"Impressi\u00f3 digital. M\u00e0xima qualitat en el tractament de la imatge i la fidelitat del color, en la impressi\u00f3 i en la instal\u00b7laci\u00f3 de projectes.","og_url":"http:\/\/egm.es\/ca\/impressio-digital","og_site_name":"EGM","article_modified_time":"2025-01-23T11:56:23+00:00","twitter_card":"summary_large_image","twitter_misc":{"Temps estimat de lectura":"2 minuts"},"schema":{"@context":"https:\/\/schema.org","@graph":[{"@type":"WebPage","@id":"http:\/\/egm.es\/ca\/impressio-digital","url":"http:\/\/egm.es\/ca\/impressio-digital","name":"Impressi\u00f3 Digital - EGM","isPartOf":{"@id":"http:\/\/egm.es\/ca#website"},"datePublished":"2024-05-22T10:30:19+00:00","dateModified":"2025-01-23T11:56:23+00:00","description":"Impressi\u00f3 digital. M\u00e0xima qualitat en el tractament de la imatge i la fidelitat del color, en la impressi\u00f3 i en la instal\u00b7laci\u00f3 de projectes.","breadcrumb":{"@id":"http:\/\/egm.es\/ca\/impressio-digital#breadcrumb"},"inLanguage":"ca","potentialAction":[{"@type":"ReadAction","target":["http:\/\/egm.es\/ca\/impressio-digital"]}]},{"@type":"BreadcrumbList","@id":"http:\/\/egm.es\/ca\/impressio-digital#breadcrumb","itemListElement":[{"@type":"ListItem","position":1,"name":"Portada","item":"http:\/\/www2.egm.es\/ca"},{"@type":"ListItem","position":2,"name":"Impressi\u00f3 Digital"}]},{"@type":"WebSite","@id":"http:\/\/egm.es\/ca#website","url":"http:\/\/egm.es\/ca","name":"EGM","description":"Counicaci\u00f3n visual","potentialAction":[{"@type":"SearchAction","target":{"@type":"EntryPoint","urlTemplate":"http:\/\/egm.es\/ca?s={search_term_string}"},"query-input":{"@type":"PropertyValueSpecification","valueRequired":true,"valueName":"search_term_string"}}],"inLanguage":"ca"}]}},"_links":{"self":[{"href":"http:\/\/egm.es\/ca\/wp-json\/wp\/v2\/pages\/37860","targetHints":{"allow":["GET"]}}],"collection":[{"href":"http:\/\/egm.es\/ca\/wp-json\/wp\/v2\/pages"}],"about":[{"href":"http:\/\/egm.es\/ca\/wp-json\/wp\/v2\/types\/page"}],"author":[{"embeddable":true,"href":"http:\/\/egm.es\/ca\/wp-json\/wp\/v2\/users\/2"}],"replies":[{"embeddable":true,"href":"http:\/\/egm.es\/ca\/wp-json\/wp\/v2\/comments?post=37860"}],"version-history":[{"count":4,"href":"http:\/\/egm.es\/ca\/wp-json\/wp\/v2\/pages\/37860\/revisions"}],"predecessor-version":[{"id":37866,"href":"http:\/\/egm.es\/ca\/wp-json\/wp\/v2\/pages\/37860\/revisions\/37866"}],"wp:attachment":[{"href":"http:\/\/egm.es\/ca\/wp-json\/wp\/v2\/media?parent=37860"}],"curies":[{"name":"wp","href":"https:\/\/api.w.org\/{rel}","templated":true}]}}